{"id":29,"date":"2024-04-23T18:09:03","date_gmt":"2024-04-23T16:09:03","guid":{"rendered":"http:\/\/Flow"},"modified":"2025-02-08T07:12:31","modified_gmt":"2025-02-08T06:12:31","slug":"nos-chambres","status":"publish","type":"page","link":"https:\/\/ylangdivecenter.com\/en\/maison-ylang-hotel\/nos-chambres\/","title":{"rendered":"Our rooms"},"content":{"rendered":"\t\t<div data-elementor-type=\"wp-page\" data-elementor-id=\"29\" class=\"elementor elementor-29\" data-elementor-post-type=\"page\">\n\t\t\t\t<div class=\"elementor-element elementor-element-4feb6a1 e-flex e-con-boxed e-con e-parent\" data-id=\"4feb6a1\" data-element_type=\"container\" data-e-type=\"container\" data-settings=\"{&quot;background_background&quot;:&quot;classic&quot;,&quot;background_motion_fx_motion_fx_scrolling&quot;:&quot;yes&quot;,&quot;background_motion_fx_translateY_effect&quot;:&quot;yes&quot;,&quot;background_motion_fx_translateY_speed&quot;:{&quot;unit&quot;:&quot;px&quot;,&quot;size&quot;:4,&quot;sizes&quot;:[]},&quot;background_motion_fx_translateY_affectedRange&quot;:{&quot;unit&quot;:&quot;%&quot;,&quot;size&quot;:&quot;&quot;,&quot;sizes&quot;:{&quot;start&quot;:0,&quot;end&quot;:100}},&quot;background_motion_fx_devices&quot;:[&quot;desktop&quot;,&quot;tablet&quot;,&quot;mobile&quot;]}\">\n\t\t\t\t\t<div class=\"e-con-inner\">\n\t\t<div class=\"elementor-element elementor-element-1d530ce e-con-full yl-bg-grunge wave e-flex e-con e-child\" data-id=\"1d530ce\" data-element_type=\"container\" data-e-type=\"container\" data-settings=\"{&quot;background_background&quot;:&quot;classic&quot;,&quot;position&quot;:&quot;absolute&quot;}\">\n\t\t\t\t<div class=\"elementor-element elementor-element-3e875ec elementor-widget elementor-widget-heading\" data-id=\"3e875ec\" data-element_type=\"widget\" data-e-type=\"widget\" data-widget_type=\"heading.default\">\n\t\t\t\t<div class=\"elementor-widget-container\">\n\t\t\t\t\t<h1 class=\"elementor-heading-title elementor-size-default\">Nos chambres<\/h1>\t\t\t\t<\/div>\n\t\t\t\t<\/div>\n\t\t\t\t<\/div>\n\t\t\t\t\t<\/div>\n\t\t\t\t<\/div>\n\t\t<div class=\"elementor-element elementor-element-2d73e4a e-flex e-con-boxed e-con e-parent\" data-id=\"2d73e4a\" data-element_type=\"container\" data-e-type=\"container\">\n\t\t\t\t\t<div class=\"e-con-inner\">\n\t\t<div class=\"elementor-element elementor-element-7c2edad e-con-full e-flex e-con e-child\" data-id=\"7c2edad\" data-element_type=\"container\" data-e-type=\"container\">\n\t\t<div class=\"elementor-element elementor-element-f19ece8 e-con-full e-flex e-con e-child\" data-id=\"f19ece8\" data-element_type=\"container\" data-e-type=\"container\">\n\t\t\t\t<div class=\"elementor-element elementor-element-1599fe7 elementor-widget elementor-widget-heading\" data-id=\"1599fe7\" data-element_type=\"widget\" data-e-type=\"widget\" data-widget_type=\"heading.default\">\n\t\t\t\t<div class=\"elementor-widget-container\">\n\t\t\t\t\t<h2 class=\"elementor-heading-title elementor-size-default\"><a href=\"https:\/\/ylangdivecenter.com\/en\/maison-ylang-hotel\/nos-chambres\/chambre-deluxe-vue-mer\/\">Chambre Deluxe vue mer<\/a><\/h2>\t\t\t\t<\/div>\n\t\t\t\t<\/div>\n\t\t\t\t<div class=\"elementor-element elementor-element-19f6e60 elementor-widget elementor-widget-text-editor\" data-id=\"19f6e60\" data-element_type=\"widget\" data-e-type=\"widget\" data-widget_type=\"text-editor.default\">\n\t\t\t\t<div class=\"elementor-widget-container\">\n\t\t\t\t\t\t\t\t\t<p>35m2 \u2022 Service en chambre \u2022 Petit D\u00e9jeuner \u2022 Vue sur plage \u2022 Non-fumeur \u2022 Acc\u00e8s Internet \u2022 TV par c\u00e2ble\/satellite \u2022 Balcon \u2022 Linge de maison et serviettes fournis \u2022 Air conditionn\u00e9 \u2022 Piscine \u2022 Mobilier ext\u00e9rieur \u2022 Coffre-fort dans la chambre \u2022 Douche \u2022 WC individuel \u2022 Minibar<\/p>\t\t\t\t\t\t\t\t<\/div>\n\t\t\t\t<\/div>\n\t\t\t\t<div class=\"elementor-element elementor-element-9d2f5cf elementor-widget elementor-widget-text-editor\" data-id=\"9d2f5cf\" data-element_type=\"widget\" data-e-type=\"widget\" data-widget_type=\"text-editor.default\">\n\t\t\t\t<div class=\"elementor-widget-container\">\n\t\t\t\t\t\t\t\t\t<p>D\u00e9couvrez le charme incomparable de notre <strong>Chambre Deluxe Vue Mer \u00e0 Nosy Be<\/strong>, un v\u00e9ritable havre de paix offrant une vue imprenable sur l&rsquo;oc\u00e9an. Chaque d\u00e9tail a \u00e9t\u00e9 pens\u00e9 pour assurer votre confort dans une ambiance chaleureuse et authentique. Profitez d&rsquo;un balcon privatif, d&rsquo;un service en chambre exceptionnel et d&rsquo;une multitude de commodit\u00e9s haut de gamme. Parfait pour ceux qui cherchent \u00e0 s&rsquo;immerger dans le luxe tout en restant connect\u00e9s avec la beaut\u00e9 naturelle de Madagascar.<\/p>\t\t\t\t\t\t\t\t<\/div>\n\t\t\t\t<\/div>\n\t\t\t\t<div class=\"elementor-element elementor-element-63eb680 elementor-widget elementor-widget-button\" data-id=\"63eb680\" data-element_type=\"widget\" data-e-type=\"widget\" data-widget_type=\"button.default\">\n\t\t\t\t<div class=\"elementor-widget-container\">\n\t\t\t\t\t\t\t\t\t<div class=\"elementor-button-wrapper\">\n\t\t\t\t\t<a class=\"elementor-button elementor-button-link elementor-size-sm\" href=\"https:\/\/us2.cloudbeds.com\/reservation\/26bnGT\" target=\"_blank\">\n\t\t\t\t\t\t<span class=\"elementor-button-content-wrapper\">\n\t\t\t\t\t\t\t\t\t<span class=\"elementor-button-text\">R\u00e9server<\/span>\n\t\t\t\t\t<\/span>\n\t\t\t\t\t<\/a>\n\t\t\t\t<\/div>\n\t\t\t\t\t\t\t\t<\/div>\n\t\t\t\t<\/div>\n\t\t\t\t<\/div>\n\t\t<a class=\"elementor-element elementor-element-3c9b94b e-con-full e-flex e-con e-child\" data-id=\"3c9b94b\" data-element_type=\"container\" data-e-type=\"container\" data-settings=\"{&quot;background_background&quot;:&quot;slideshow&quot;,&quot;background_slideshow_gallery&quot;:[{&quot;id&quot;:2491,&quot;url&quot;:&quot;https:\\\/\\\/ylangdivecenter.com\\\/wp-content\\\/uploads\\\/2024\\\/06\\\/IMG_1395.webp&quot;},{&quot;id&quot;:2492,&quot;url&quot;:&quot;https:\\\/\\\/ylangdivecenter.com\\\/wp-content\\\/uploads\\\/2024\\\/06\\\/IMG_1397.webp&quot;},{&quot;id&quot;:2490,&quot;url&quot;:&quot;https:\\\/\\\/ylangdivecenter.com\\\/wp-content\\\/uploads\\\/2024\\\/06\\\/IMG_1390.webp&quot;}],&quot;background_slideshow_loop&quot;:&quot;yes&quot;,&quot;background_slideshow_slide_duration&quot;:5000,&quot;background_slideshow_slide_transition&quot;:&quot;fade&quot;,&quot;background_slideshow_transition_duration&quot;:500}\" href=\"https:\/\/ylangdivecenter.com\/en\/maison-ylang-hotel\/nos-chambres\/chambre-deluxe-vue-mer\/\">\n\t\t\t\t<\/a>\n\t\t\t\t<\/div>\n\t\t<div class=\"elementor-element elementor-element-e181f77 e-con-full e-flex e-con e-child\" data-id=\"e181f77\" data-element_type=\"container\" data-e-type=\"container\">\n\t\t<div class=\"elementor-element elementor-element-984192f e-con-full e-flex e-con e-child\" data-id=\"984192f\" data-element_type=\"container\" data-e-type=\"container\">\n\t\t\t\t<div class=\"elementor-element elementor-element-aed363a elementor-widget elementor-widget-heading\" data-id=\"aed363a\" data-element_type=\"widget\" data-e-type=\"widget\" data-widget_type=\"heading.default\">\n\t\t\t\t<div class=\"elementor-widget-container\">\n\t\t\t\t\t<h2 class=\"elementor-heading-title elementor-size-default\"><a href=\"https:\/\/ylangdivecenter.com\/en\/maison-ylang-hotel\/nos-chambres\/chambre-standard-jardin-vue-mer\/\">Chambre standard jardin \/ vue mer<\/a><\/h2>\t\t\t\t<\/div>\n\t\t\t\t<\/div>\n\t\t\t\t<div class=\"elementor-element elementor-element-ec0e09b elementor-widget elementor-widget-text-editor\" data-id=\"ec0e09b\" data-element_type=\"widget\" data-e-type=\"widget\" data-widget_type=\"text-editor.default\">\n\t\t\t\t<div class=\"elementor-widget-container\">\n\t\t\t\t\t\t\t\t\t<p>25m2 \u2022 Vue sur jardin et mer \u2022 Petit D\u00e9jeuner \u2022 Non-fumeur \u2022 Acc\u00e8s Internet \u2022 TV par c\u00e2ble\/satellite \u2022 Balcon \u2022 Linge de maison et serviettes fournis \u2022 Air conditionn\u00e9 \u2022 Piscine \u2022 Mobilier ext\u00e9rieur \u2022 Coffre-fort dans la chambre \u2022 Douche \u2022 WC individuel \u2022 Minibar<\/p>\t\t\t\t\t\t\t\t<\/div>\n\t\t\t\t<\/div>\n\t\t\t\t<div class=\"elementor-element elementor-element-1b3880b elementor-widget elementor-widget-text-editor\" data-id=\"1b3880b\" data-element_type=\"widget\" data-e-type=\"widget\" data-widget_type=\"text-editor.default\">\n\t\t\t\t<div class=\"elementor-widget-container\">\n\t\t\t\t\t\t\t\t\t<p>Notre Chambre Standard Vue Mer allie confort et vue spectaculaire sur l&rsquo;oc\u00e9an, envelopp\u00e9e dans une atmosph\u00e8re chaleureuse. Situ\u00e9e \u00e0 Nosy Be, cette chambre est l&rsquo;incarnation de l&rsquo;\u00e9l\u00e9gance discr\u00e8te, offrant un balcon avec vue sur le jardin int\u00e9rieur et la piscine, pour des moments de d\u00e9tente absolus. C&rsquo;est l&rsquo;option id\u00e9ale pour les voyageurs \u00e0 la recherche d&rsquo;un s\u00e9jour m\u00e9morable dans une <strong>boutique-h\u00f4tel \u00e0 Madagascar<\/strong>, o\u00f9 chaque r\u00e9veil est un enchantement.<\/p>\t\t\t\t\t\t\t\t<\/div>\n\t\t\t\t<\/div>\n\t\t\t\t<div class=\"elementor-element elementor-element-e7cc2c2 elementor-widget elementor-widget-button\" data-id=\"e7cc2c2\" data-element_type=\"widget\" data-e-type=\"widget\" data-widget_type=\"button.default\">\n\t\t\t\t<div class=\"elementor-widget-container\">\n\t\t\t\t\t\t\t\t\t<div class=\"elementor-button-wrapper\">\n\t\t\t\t\t<a class=\"elementor-button elementor-button-link elementor-size-sm\" href=\"https:\/\/us2.cloudbeds.com\/reservation\/26bnGT\" target=\"_blank\">\n\t\t\t\t\t\t<span class=\"elementor-button-content-wrapper\">\n\t\t\t\t\t\t\t\t\t<span class=\"elementor-button-text\">R\u00e9server<\/span>\n\t\t\t\t\t<\/span>\n\t\t\t\t\t<\/a>\n\t\t\t\t<\/div>\n\t\t\t\t\t\t\t\t<\/div>\n\t\t\t\t<\/div>\n\t\t\t\t<\/div>\n\t\t<a class=\"elementor-element elementor-element-c151f67 e-con-full e-flex e-con e-child\" data-id=\"c151f67\" data-element_type=\"container\" data-e-type=\"container\" data-settings=\"{&quot;background_background&quot;:&quot;slideshow&quot;,&quot;background_slideshow_gallery&quot;:[{&quot;id&quot;:2495,&quot;url&quot;:&quot;https:\\\/\\\/ylangdivecenter.com\\\/wp-content\\\/uploads\\\/2024\\\/06\\\/IMG_0684-1.webp&quot;},{&quot;id&quot;:2493,&quot;url&quot;:&quot;https:\\\/\\\/ylangdivecenter.com\\\/wp-content\\\/uploads\\\/2024\\\/06\\\/IMG_1427.webp&quot;},{&quot;id&quot;:2494,&quot;url&quot;:&quot;https:\\\/\\\/ylangdivecenter.com\\\/wp-content\\\/uploads\\\/2024\\\/06\\\/IMG_1431.webp&quot;}],&quot;background_slideshow_loop&quot;:&quot;yes&quot;,&quot;background_slideshow_slide_duration&quot;:5000,&quot;background_slideshow_slide_transition&quot;:&quot;fade&quot;,&quot;background_slideshow_transition_duration&quot;:500}\" href=\"https:\/\/ylangdivecenter.com\/en\/maison-ylang-hotel\/nos-chambres\/chambre-standard-jardin-vue-mer\/\">\n\t\t\t\t<\/a>\n\t\t\t\t<\/div>\n\t\t<div class=\"elementor-element elementor-element-5f021d8 e-con-full e-flex e-con e-child\" data-id=\"5f021d8\" data-element_type=\"container\" data-e-type=\"container\">\n\t\t<div class=\"elementor-element elementor-element-5ccc12b e-con-full e-flex e-con e-child\" data-id=\"5ccc12b\" data-element_type=\"container\" data-e-type=\"container\">\n\t\t\t\t<div class=\"elementor-element elementor-element-dc5615b elementor-widget elementor-widget-heading\" data-id=\"dc5615b\" data-element_type=\"widget\" data-e-type=\"widget\" data-widget_type=\"heading.default\">\n\t\t\t\t<div class=\"elementor-widget-container\">\n\t\t\t\t\t<h2 class=\"elementor-heading-title elementor-size-default\"><a href=\"https:\/\/ylangdivecenter.com\/en\/maison-ylang-hotel\/nos-chambres\/chambre-standard\/\">Chambre standard<\/a><\/h2>\t\t\t\t<\/div>\n\t\t\t\t<\/div>\n\t\t\t\t<div class=\"elementor-element elementor-element-a31e4a4 elementor-widget elementor-widget-text-editor\" data-id=\"a31e4a4\" data-element_type=\"widget\" data-e-type=\"widget\" data-widget_type=\"text-editor.default\">\n\t\t\t\t<div class=\"elementor-widget-container\">\n\t\t\t\t\t\t\t\t\t<p>25m2 \u2022 Non-fumeur \u2022 Petit D\u00e9jeuner \u2022 Acc\u00e8s Internet \u2022 TV par c\u00e2ble\/satellite \u2022 Balcon \u2022 Linge de maison et serviettes fournis \u2022 Air conditionn\u00e9 \u2022 Piscine \u2022 Mobilier ext\u00e9rieur \u2022 Coffre-fort dans la chambre \u2022 Douche \u2022 WC individuel \u2022 Minibar<\/p>\t\t\t\t\t\t\t\t<\/div>\n\t\t\t\t<\/div>\n\t\t\t\t<div class=\"elementor-element elementor-element-5a9be24 elementor-widget elementor-widget-text-editor\" data-id=\"5a9be24\" data-element_type=\"widget\" data-e-type=\"widget\" data-widget_type=\"text-editor.default\">\n\t\t\t\t<div class=\"elementor-widget-container\">\n\t\t\t\t\t\t\t\t\t<p>La Chambre Standard repr\u00e9sente l&rsquo;essence m\u00eame de l&rsquo;accueil chaleureux malgache, avec tout le confort n\u00e9cessaire pour un s\u00e9jour des plus agr\u00e9ables \u00e0 Nosy Be. Cette chambre est une invitation \u00e0 la d\u00e9tente, offrant intimit\u00e9 et tranquillit\u00e9. Profitez d&rsquo;am\u00e9nagements pens\u00e9s pour votre bien-\u00eatre, dans un cadre \u00e0 la fois simple et \u00e9l\u00e9gant. Id\u00e9ale pour les voyageurs souhaitant explorer les merveilles de Madagascar tout en b\u00e9n\u00e9ficiant d&rsquo;un h\u00e9bergement de qualit\u00e9.<\/p>\t\t\t\t\t\t\t\t<\/div>\n\t\t\t\t<\/div>\n\t\t\t\t<div class=\"elementor-element elementor-element-2aa091a elementor-widget elementor-widget-button\" data-id=\"2aa091a\" data-element_type=\"widget\" data-e-type=\"widget\" data-widget_type=\"button.default\">\n\t\t\t\t<div class=\"elementor-widget-container\">\n\t\t\t\t\t\t\t\t\t<div class=\"elementor-button-wrapper\">\n\t\t\t\t\t<a class=\"elementor-button elementor-button-link elementor-size-sm\" href=\"https:\/\/us2.cloudbeds.com\/reservation\/26bnGT\" target=\"_blank\">\n\t\t\t\t\t\t<span class=\"elementor-button-content-wrapper\">\n\t\t\t\t\t\t\t\t\t<span class=\"elementor-button-text\">R\u00e9server<\/span>\n\t\t\t\t\t<\/span>\n\t\t\t\t\t<\/a>\n\t\t\t\t<\/div>\n\t\t\t\t\t\t\t\t<\/div>\n\t\t\t\t<\/div>\n\t\t\t\t<\/div>\n\t\t<a class=\"elementor-element elementor-element-6bc5e03 e-con-full e-flex e-con e-child\" data-id=\"6bc5e03\" data-element_type=\"container\" data-e-type=\"container\" data-settings=\"{&quot;background_background&quot;:&quot;slideshow&quot;,&quot;background_slideshow_gallery&quot;:[{&quot;id&quot;:2496,&quot;url&quot;:&quot;https:\\\/\\\/ylangdivecenter.com\\\/wp-content\\\/uploads\\\/2024\\\/06\\\/IMG_1422.webp&quot;},{&quot;id&quot;:2497,&quot;url&quot;:&quot;https:\\\/\\\/ylangdivecenter.com\\\/wp-content\\\/uploads\\\/2024\\\/06\\\/IMG_1425-1.webp&quot;},{&quot;id&quot;:2498,&quot;url&quot;:&quot;https:\\\/\\\/ylangdivecenter.com\\\/wp-content\\\/uploads\\\/2024\\\/06\\\/IMG_1428.webp&quot;}],&quot;background_slideshow_loop&quot;:&quot;yes&quot;,&quot;background_slideshow_slide_duration&quot;:5000,&quot;background_slideshow_slide_transition&quot;:&quot;fade&quot;,&quot;background_slideshow_transition_duration&quot;:500}\" href=\"https:\/\/ylangdivecenter.com\/en\/maison-ylang-hotel\/nos-chambres\/chambre-standard\/\">\n\t\t\t\t<\/a>\n\t\t\t\t<\/div>\n\t\t\t\t\t<\/div>\n\t\t\t\t<\/div>\n\t\t\t\t<\/div>\n\t\t","protected":false},"excerpt":{"rendered":"<p>Nos chambres Chambre Deluxe vue mer 35m2 \u2022 Service en chambre \u2022 Petit D\u00e9jeuner \u2022 Vue sur plage \u2022 Non-fumeur \u2022 Acc\u00e8s Internet \u2022 TV par c\u00e2ble\/satellite \u2022 Balcon \u2022 Linge de maison et serviettes fournis \u2022 Air conditionn\u00e9 \u2022 Piscine \u2022 Mobilier ext\u00e9rieur \u2022 Coffre-fort dans la chambre \u2022 Douche \u2022 WC individuel \u2022 &hellip; <a href=\"https:\/\/ylangdivecenter.com\/en\/maison-ylang-hotel\/nos-chambres\/\">Continued<\/a><\/p>","protected":false},"author":2,"featured_media":0,"parent":23,"menu_order":0,"comment_status":"closed","ping_status":"closed","template":"","meta":{"footnotes":""},"class_list":["post-29","page","type-page","status-publish","hentry"],"yoast_head":"<!-- This site is optimized with the Yoast SEO plugin v27.4 - https:\/\/yoast.com\/product\/yoast-seo-wordpress\/ -->\n<title>Nos Chambres | Confort et Luxe \u00e0 l&#039;H\u00f4tel Maison Ylang<\/title>\n<meta name=\"description\" content=\"Explorez nos chambres confortables et luxueuses \u00e0 l&#039;H\u00f4tel Maison Ylang, Nosy Be. Un cadre id\u00e9al pour d\u00e9tente et \u00e9vasion dans l&#039;\u00eele aux parfums.\" \/>\n<meta name=\"robots\" content=\"index, follow, max-snippet:-1, max-image-preview:large, max-video-preview:-1\" \/>\n<link rel=\"canonical\" href=\"https:\/\/ylangdivecenter.com\/en\/maison-ylang-hotel\/nos-chambres\/\" \/>\n<meta property=\"og:locale\" content=\"en_US\" \/>\n<meta property=\"og:type\" content=\"article\" \/>\n<meta property=\"og:title\" content=\"Nos Chambres | Confort et Luxe \u00e0 l&#039;H\u00f4tel Maison Ylang\" \/>\n<meta property=\"og:description\" content=\"Explorez nos chambres confortables et luxueuses \u00e0 l&#039;H\u00f4tel Maison Ylang, Nosy Be. Un cadre id\u00e9al pour d\u00e9tente et \u00e9vasion dans l&#039;\u00eele aux parfums.\" \/>\n<meta property=\"og:url\" content=\"https:\/\/ylangdivecenter.com\/en\/maison-ylang-hotel\/nos-chambres\/\" \/>\n<meta property=\"og:site_name\" content=\"Maison Ylang\" \/>\n<meta property=\"article:modified_time\" content=\"2025-02-08T06:12:31+00:00\" \/>\n<meta name=\"twitter:card\" content=\"summary_large_image\" \/>\n<meta name=\"twitter:label1\" content=\"Est. reading time\" \/>\n\t<meta name=\"twitter:data1\" content=\"2 minutes\" \/>\n<script type=\"application\/ld+json\" class=\"yoast-schema-graph\">{\"@context\":\"https:\\\/\\\/schema.org\",\"@graph\":[{\"@type\":\"WebPage\",\"@id\":\"https:\\\/\\\/ylangdivecenter.com\\\/maison-ylang-hotel\\\/nos-chambres\\\/\",\"url\":\"https:\\\/\\\/ylangdivecenter.com\\\/maison-ylang-hotel\\\/nos-chambres\\\/\",\"name\":\"Nos Chambres | Confort et Luxe \u00e0 l'H\u00f4tel Maison Ylang\",\"isPartOf\":{\"@id\":\"https:\\\/\\\/ylangdivecenter.com\\\/#website\"},\"datePublished\":\"2024-04-23T16:09:03+00:00\",\"dateModified\":\"2025-02-08T06:12:31+00:00\",\"description\":\"Explorez nos chambres confortables et luxueuses \u00e0 l'H\u00f4tel Maison Ylang, Nosy Be. Un cadre id\u00e9al pour d\u00e9tente et \u00e9vasion dans l'\u00eele aux parfums.\",\"breadcrumb\":{\"@id\":\"https:\\\/\\\/ylangdivecenter.com\\\/maison-ylang-hotel\\\/nos-chambres\\\/#breadcrumb\"},\"inLanguage\":\"en-US\",\"potentialAction\":[{\"@type\":\"ReadAction\",\"target\":[\"https:\\\/\\\/ylangdivecenter.com\\\/maison-ylang-hotel\\\/nos-chambres\\\/\"]}]},{\"@type\":\"BreadcrumbList\",\"@id\":\"https:\\\/\\\/ylangdivecenter.com\\\/maison-ylang-hotel\\\/nos-chambres\\\/#breadcrumb\",\"itemListElement\":[{\"@type\":\"ListItem\",\"position\":1,\"name\":\"Home\",\"item\":\"https:\\\/\\\/ylangdivecenter.com\\\/\"},{\"@type\":\"ListItem\",\"position\":2,\"name\":\"Maison Ylang H\u00f4tel\",\"item\":\"https:\\\/\\\/ylangdivecenter.com\\\/maison-ylang-hotel\\\/\"},{\"@type\":\"ListItem\",\"position\":3,\"name\":\"Nos chambres\"}]},{\"@type\":\"WebSite\",\"@id\":\"https:\\\/\\\/ylangdivecenter.com\\\/#website\",\"url\":\"https:\\\/\\\/ylangdivecenter.com\\\/\",\"name\":\"Maison Ylang\",\"description\":\"\",\"publisher\":{\"@id\":\"https:\\\/\\\/ylangdivecenter.com\\\/#organization\"},\"potentialAction\":[{\"@type\":\"SearchAction\",\"target\":{\"@type\":\"EntryPoint\",\"urlTemplate\":\"https:\\\/\\\/ylangdivecenter.com\\\/?s={search_term_string}\"},\"query-input\":{\"@type\":\"PropertyValueSpecification\",\"valueRequired\":true,\"valueName\":\"search_term_string\"}}],\"inLanguage\":\"en-US\"},{\"@type\":\"Organization\",\"@id\":\"https:\\\/\\\/ylangdivecenter.com\\\/#organization\",\"name\":\"Maison Ylang\",\"url\":\"https:\\\/\\\/ylangdivecenter.com\\\/\",\"logo\":{\"@type\":\"ImageObject\",\"inLanguage\":\"en-US\",\"@id\":\"https:\\\/\\\/ylangdivecenter.com\\\/#\\\/schema\\\/logo\\\/image\\\/\",\"url\":\"https:\\\/\\\/ylangdivecenter.com\\\/wp-content\\\/uploads\\\/2024\\\/04\\\/logo_circle.webp\",\"contentUrl\":\"https:\\\/\\\/ylangdivecenter.com\\\/wp-content\\\/uploads\\\/2024\\\/04\\\/logo_circle.webp\",\"width\":756,\"height\":756,\"caption\":\"Maison Ylang\"},\"image\":{\"@id\":\"https:\\\/\\\/ylangdivecenter.com\\\/#\\\/schema\\\/logo\\\/image\\\/\"}}]}<\/script>\n<!-- \/ Yoast SEO plugin. -->","yoast_head_json":{"title":"Nos Chambres | Confort et Luxe \u00e0 l'H\u00f4tel Maison Ylang","description":"Explorez nos chambres confortables et luxueuses \u00e0 l'H\u00f4tel Maison Ylang, Nosy Be. Un cadre id\u00e9al pour d\u00e9tente et \u00e9vasion dans l'\u00eele aux parfums.","robots":{"index":"index","follow":"follow","max-snippet":"max-snippet:-1","max-image-preview":"max-image-preview:large","max-video-preview":"max-video-preview:-1"},"canonical":"https:\/\/ylangdivecenter.com\/en\/maison-ylang-hotel\/nos-chambres\/","og_locale":"en_US","og_type":"article","og_title":"Nos Chambres | Confort et Luxe \u00e0 l'H\u00f4tel Maison Ylang","og_description":"Explorez nos chambres confortables et luxueuses \u00e0 l'H\u00f4tel Maison Ylang, Nosy Be. Un cadre id\u00e9al pour d\u00e9tente et \u00e9vasion dans l'\u00eele aux parfums.","og_url":"https:\/\/ylangdivecenter.com\/en\/maison-ylang-hotel\/nos-chambres\/","og_site_name":"Maison Ylang","article_modified_time":"2025-02-08T06:12:31+00:00","twitter_card":"summary_large_image","twitter_misc":{"Est. reading time":"2 minutes"},"schema":{"@context":"https:\/\/schema.org","@graph":[{"@type":"WebPage","@id":"https:\/\/ylangdivecenter.com\/maison-ylang-hotel\/nos-chambres\/","url":"https:\/\/ylangdivecenter.com\/maison-ylang-hotel\/nos-chambres\/","name":"Nos Chambres | Confort et Luxe \u00e0 l'H\u00f4tel Maison Ylang","isPartOf":{"@id":"https:\/\/ylangdivecenter.com\/#website"},"datePublished":"2024-04-23T16:09:03+00:00","dateModified":"2025-02-08T06:12:31+00:00","description":"Explorez nos chambres confortables et luxueuses \u00e0 l'H\u00f4tel Maison Ylang, Nosy Be. Un cadre id\u00e9al pour d\u00e9tente et \u00e9vasion dans l'\u00eele aux parfums.","breadcrumb":{"@id":"https:\/\/ylangdivecenter.com\/maison-ylang-hotel\/nos-chambres\/#breadcrumb"},"inLanguage":"en-US","potentialAction":[{"@type":"ReadAction","target":["https:\/\/ylangdivecenter.com\/maison-ylang-hotel\/nos-chambres\/"]}]},{"@type":"BreadcrumbList","@id":"https:\/\/ylangdivecenter.com\/maison-ylang-hotel\/nos-chambres\/#breadcrumb","itemListElement":[{"@type":"ListItem","position":1,"name":"Home","item":"https:\/\/ylangdivecenter.com\/"},{"@type":"ListItem","position":2,"name":"Maison Ylang H\u00f4tel","item":"https:\/\/ylangdivecenter.com\/maison-ylang-hotel\/"},{"@type":"ListItem","position":3,"name":"Nos chambres"}]},{"@type":"WebSite","@id":"https:\/\/ylangdivecenter.com\/#website","url":"https:\/\/ylangdivecenter.com\/","name":"Maison Ylang","description":"","publisher":{"@id":"https:\/\/ylangdivecenter.com\/#organization"},"potentialAction":[{"@type":"SearchAction","target":{"@type":"EntryPoint","urlTemplate":"https:\/\/ylangdivecenter.com\/?s={search_term_string}"},"query-input":{"@type":"PropertyValueSpecification","valueRequired":true,"valueName":"search_term_string"}}],"inLanguage":"en-US"},{"@type":"Organization","@id":"https:\/\/ylangdivecenter.com\/#organization","name":"Maison Ylang","url":"https:\/\/ylangdivecenter.com\/","logo":{"@type":"ImageObject","inLanguage":"en-US","@id":"https:\/\/ylangdivecenter.com\/#\/schema\/logo\/image\/","url":"https:\/\/ylangdivecenter.com\/wp-content\/uploads\/2024\/04\/logo_circle.webp","contentUrl":"https:\/\/ylangdivecenter.com\/wp-content\/uploads\/2024\/04\/logo_circle.webp","width":756,"height":756,"caption":"Maison Ylang"},"image":{"@id":"https:\/\/ylangdivecenter.com\/#\/schema\/logo\/image\/"}}]}},"_links":{"self":[{"href":"https:\/\/ylangdivecenter.com\/en\/wp-json\/wp\/v2\/pages\/29","targetHints":{"allow":["GET"]}}],"collection":[{"href":"https:\/\/ylangdivecenter.com\/en\/wp-json\/wp\/v2\/pages"}],"about":[{"href":"https:\/\/ylangdivecenter.com\/en\/wp-json\/wp\/v2\/types\/page"}],"author":[{"embeddable":true,"href":"https:\/\/ylangdivecenter.com\/en\/wp-json\/wp\/v2\/users\/2"}],"replies":[{"embeddable":true,"href":"https:\/\/ylangdivecenter.com\/en\/wp-json\/wp\/v2\/comments?post=29"}],"version-history":[{"count":5,"href":"https:\/\/ylangdivecenter.com\/en\/wp-json\/wp\/v2\/pages\/29\/revisions"}],"predecessor-version":[{"id":2945,"href":"https:\/\/ylangdivecenter.com\/en\/wp-json\/wp\/v2\/pages\/29\/revisions\/2945"}],"up":[{"embeddable":true,"href":"https:\/\/ylangdivecenter.com\/en\/wp-json\/wp\/v2\/pages\/23"}],"wp:attachment":[{"href":"https:\/\/ylangdivecenter.com\/en\/wp-json\/wp\/v2\/media?parent=29"}],"curies":[{"name":"wp","href":"https:\/\/api.w.org\/{rel}","templated":true}]}}