{"id":645,"date":"2024-04-25T08:21:59","date_gmt":"2024-04-25T06:21:59","guid":{"rendered":"https:\/\/staging.ylangdivecenter.com\/?page_id=645"},"modified":"2025-02-08T07:13:24","modified_gmt":"2025-02-08T06:13:24","slug":"chambre-standard","status":"publish","type":"page","link":"https:\/\/ylangdivecenter.com\/en\/maison-ylang-hotel\/nos-chambres\/chambre-standard\/","title":{"rendered":"Chambre &#8211; Standard"},"content":{"rendered":"\t\t<div data-elementor-type=\"wp-page\" data-elementor-id=\"645\" class=\"elementor elementor-645\" data-elementor-post-type=\"page\">\n\t\t\t\t<div class=\"elementor-element elementor-element-840199c e-flex e-con-boxed e-con e-parent\" data-id=\"840199c\" data-element_type=\"container\" data-e-type=\"container\" data-settings=\"{&quot;background_background&quot;:&quot;classic&quot;,&quot;background_motion_fx_motion_fx_scrolling&quot;:&quot;yes&quot;,&quot;background_motion_fx_translateY_effect&quot;:&quot;yes&quot;,&quot;background_motion_fx_translateY_speed&quot;:{&quot;unit&quot;:&quot;px&quot;,&quot;size&quot;:4,&quot;sizes&quot;:[]},&quot;background_motion_fx_translateY_affectedRange&quot;:{&quot;unit&quot;:&quot;%&quot;,&quot;size&quot;:&quot;&quot;,&quot;sizes&quot;:{&quot;start&quot;:0,&quot;end&quot;:100}},&quot;background_motion_fx_devices&quot;:[&quot;desktop&quot;,&quot;tablet&quot;,&quot;mobile&quot;]}\">\n\t\t\t\t\t<div class=\"e-con-inner\">\n\t\t<div class=\"elementor-element elementor-element-01c993f e-con-full yl-bg-grunge wave e-flex e-con e-child\" data-id=\"01c993f\" data-element_type=\"container\" data-e-type=\"container\" data-settings=\"{&quot;background_background&quot;:&quot;classic&quot;,&quot;position&quot;:&quot;absolute&quot;}\">\n\t\t\t\t<div class=\"elementor-element elementor-element-f0fd94e elementor-widget elementor-widget-heading\" data-id=\"f0fd94e\" data-element_type=\"widget\" data-e-type=\"widget\" data-widget_type=\"heading.default\">\n\t\t\t\t<div class=\"elementor-widget-container\">\n\t\t\t\t\t<h1 class=\"elementor-heading-title elementor-size-default\">Chambre Standard\u200b<\/h1>\t\t\t\t<\/div>\n\t\t\t\t<\/div>\n\t\t\t\t<\/div>\n\t\t\t\t\t<\/div>\n\t\t\t\t<\/div>\n\t\t<div class=\"elementor-element elementor-element-bbd8883 e-flex e-con-boxed e-con e-parent\" data-id=\"bbd8883\" data-element_type=\"container\" data-e-type=\"container\">\n\t\t\t\t\t<div class=\"e-con-inner\">\n\t\t\t\t<div class=\"elementor-element elementor-element-b088f63 elementor-widget elementor-widget-text-editor\" data-id=\"b088f63\" data-element_type=\"widget\" data-e-type=\"widget\" data-widget_type=\"text-editor.default\">\n\t\t\t\t<div class=\"elementor-widget-container\">\n\t\t\t\t\t\t\t\t\t<p>La Chambre Standard repr\u00e9sente l&rsquo;essence m\u00eame de l&rsquo;accueil chaleureux malgache, avec tout le confort n\u00e9cessaire pour un s\u00e9jour des plus agr\u00e9ables \u00e0 Nosy Be. Cette chambre est une invitation \u00e0 la d\u00e9tente, offrant intimit\u00e9 et tranquillit\u00e9. Profitez d&rsquo;am\u00e9nagements pens\u00e9s pour votre bien-\u00eatre, dans un cadre \u00e0 la fois simple et \u00e9l\u00e9gant. Id\u00e9ale pour les voyageurs souhaitant explorer les merveilles de Madagascar tout en b\u00e9n\u00e9ficiant d&rsquo;un h\u00e9bergement de qualit\u00e9.<\/p>\t\t\t\t\t\t\t\t<\/div>\n\t\t\t\t<\/div>\n\t\t\t\t\t<\/div>\n\t\t\t\t<\/div>\n\t\t<div class=\"elementor-element elementor-element-0affa60 animated-slow e-flex e-con-boxed elementor-invisible e-con e-parent\" data-id=\"0affa60\" data-element_type=\"container\" data-e-type=\"container\" data-settings=\"{&quot;animation&quot;:&quot;fadeIn&quot;}\">\n\t\t\t\t\t<div class=\"e-con-inner\">\n\t\t\t\t<div class=\"elementor-element elementor-element-5f97191 elementor-widget__width-inherit elementor-widget elementor-widget-image\" data-id=\"5f97191\" data-element_type=\"widget\" data-e-type=\"widget\" data-widget_type=\"image.default\">\n\t\t\t\t<div class=\"elementor-widget-container\">\n\t\t\t\t\t\t\t\t\t\t\t\t\t\t\t<img fetchpriority=\"high\" decoding=\"async\" width=\"931\" height=\"699\" src=\"https:\/\/ylangdivecenter.com\/wp-content\/uploads\/2024\/05\/IMG_1426-1.jpg\" class=\"attachment-large size-large wp-image-2175\" alt=\"\" srcset=\"https:\/\/ylangdivecenter.com\/wp-content\/uploads\/2024\/05\/IMG_1426-1.jpg 931w, https:\/\/ylangdivecenter.com\/wp-content\/uploads\/2024\/05\/IMG_1426-1-300x225.jpg 300w, https:\/\/ylangdivecenter.com\/wp-content\/uploads\/2024\/05\/IMG_1426-1-768x577.jpg 768w\" sizes=\"(max-width: 931px) 100vw, 931px\" \/>\t\t\t\t\t\t\t\t\t\t\t\t\t\t\t<\/div>\n\t\t\t\t<\/div>\n\t\t<div class=\"elementor-element elementor-element-7f10365 e-con-full yl-bg-grunge e-flex elementor-invisible e-con e-child\" data-id=\"7f10365\" data-element_type=\"container\" data-e-type=\"container\" data-settings=\"{&quot;background_background&quot;:&quot;classic&quot;,&quot;motion_fx_motion_fx_scrolling&quot;:&quot;yes&quot;,&quot;motion_fx_translateY_effect&quot;:&quot;yes&quot;,&quot;motion_fx_translateY_speed&quot;:{&quot;unit&quot;:&quot;px&quot;,&quot;size&quot;:2,&quot;sizes&quot;:[]},&quot;animation&quot;:&quot;fadeIn&quot;,&quot;position&quot;:&quot;absolute&quot;,&quot;motion_fx_translateY_affectedRange&quot;:{&quot;unit&quot;:&quot;%&quot;,&quot;size&quot;:&quot;&quot;,&quot;sizes&quot;:{&quot;start&quot;:0,&quot;end&quot;:100}},&quot;motion_fx_devices&quot;:[&quot;desktop&quot;,&quot;tablet&quot;,&quot;mobile&quot;]}\">\n\t\t\t\t<div class=\"elementor-element elementor-element-f9ec4bb elementor-widget elementor-widget-text-editor\" data-id=\"f9ec4bb\" data-element_type=\"widget\" data-e-type=\"widget\" data-widget_type=\"text-editor.default\">\n\t\t\t\t<div class=\"elementor-widget-container\">\n\t\t\t\t\t\t\t\t\t<p>Situ\u00e9e au c\u0153ur de Nosy Be, la boutique-h\u00f4tel Maison Ylang offre une exp\u00e9rience unique combinant confort moderne et charme local. Nos chambres standard, d&rsquo;une superficie de 25m\u00b2, sont con\u00e7ues pour offrir un <strong>s\u00e9jour inoubliable \u00e0 Nosy Be<\/strong>, Madagascar. Chaque chambre, non-fumeur et \u00e9quip\u00e9e d&rsquo;acc\u00e8s Internet, TV par c\u00e2ble\/satellite, et d&rsquo;un balcon priv\u00e9, invite \u00e0 la d\u00e9tente dans un cadre \u00e0 la fois simple et \u00e9l\u00e9gant, id\u00e9al pour les voyageurs d\u00e9sireux d&rsquo;explorer les merveilles de Madagascar.<\/p><p>En s\u00e9journant \u00e0 la boutique-h\u00f4tel Maison Ylang, vous avez \u00e9galement l&rsquo;opportunit\u00e9 de d\u00e9couvrir une multitude d&rsquo;activit\u00e9s passionnantes aux alentours. <strong>Nosy Be<\/strong>, surnomm\u00e9e l&rsquo;\u00eele aux parfums, est c\u00e9l\u00e8bre pour \u00eatre le portail vers l&rsquo;oc\u00e9an Indien, ses eaux cristallines, et sa biodiversit\u00e9 exceptionnelle. Participez \u00e0 des excursions guid\u00e9es pour explorer la for\u00eat tropicale luxuriante, les plantations de ylang-ylang, et les petits \u00eelots environnants, des lieux parfaits pour le snorkeling et la d\u00e9couverte de la faune et flore sous-marine.<\/p>\t\t\t\t\t\t\t\t<\/div>\n\t\t\t\t<\/div>\n\t\t\t\t<\/div>\n\t\t\t\t\t<\/div>\n\t\t\t\t<\/div>\n\t\t<div class=\"elementor-element elementor-element-f1fa245 animated-slow e-flex e-con-boxed elementor-invisible e-con e-parent\" data-id=\"f1fa245\" data-element_type=\"container\" data-e-type=\"container\" data-settings=\"{&quot;animation&quot;:&quot;fadeIn&quot;}\">\n\t\t\t\t\t<div class=\"e-con-inner\">\n\t\t\t\t<div class=\"elementor-element elementor-element-c7966dd elementor-widget__width-inherit elementor-widget elementor-widget-image\" data-id=\"c7966dd\" data-element_type=\"widget\" data-e-type=\"widget\" data-widget_type=\"image.default\">\n\t\t\t\t<div class=\"elementor-widget-container\">\n\t\t\t\t\t\t\t\t\t\t\t\t\t\t\t<img decoding=\"async\" width=\"1024\" height=\"683\" src=\"https:\/\/ylangdivecenter.com\/wp-content\/uploads\/2024\/05\/DJI_0392-1024x683.jpg\" class=\"attachment-large size-large wp-image-2176\" alt=\"\" srcset=\"https:\/\/ylangdivecenter.com\/wp-content\/uploads\/2024\/05\/DJI_0392-1024x683.jpg 1024w, https:\/\/ylangdivecenter.com\/wp-content\/uploads\/2024\/05\/DJI_0392-300x200.jpg 300w, https:\/\/ylangdivecenter.com\/wp-content\/uploads\/2024\/05\/DJI_0392-768x512.jpg 768w, https:\/\/ylangdivecenter.com\/wp-content\/uploads\/2024\/05\/DJI_0392-1536x1024.jpg 1536w, https:\/\/ylangdivecenter.com\/wp-content\/uploads\/2024\/05\/DJI_0392-2048x1366.jpg 2048w\" sizes=\"(max-width: 1024px) 100vw, 1024px\" \/>\t\t\t\t\t\t\t\t\t\t\t\t\t\t\t<\/div>\n\t\t\t\t<\/div>\n\t\t<div class=\"elementor-element elementor-element-a6f0e12 e-con-full yl-bg-grunge e-flex elementor-invisible e-con e-child\" data-id=\"a6f0e12\" data-element_type=\"container\" data-e-type=\"container\" data-settings=\"{&quot;background_background&quot;:&quot;classic&quot;,&quot;motion_fx_motion_fx_scrolling&quot;:&quot;yes&quot;,&quot;motion_fx_translateY_effect&quot;:&quot;yes&quot;,&quot;motion_fx_translateY_speed&quot;:{&quot;unit&quot;:&quot;px&quot;,&quot;size&quot;:2,&quot;sizes&quot;:[]},&quot;animation&quot;:&quot;fadeIn&quot;,&quot;position&quot;:&quot;absolute&quot;,&quot;motion_fx_translateY_affectedRange&quot;:{&quot;unit&quot;:&quot;%&quot;,&quot;size&quot;:&quot;&quot;,&quot;sizes&quot;:{&quot;start&quot;:0,&quot;end&quot;:100}},&quot;motion_fx_devices&quot;:[&quot;desktop&quot;,&quot;tablet&quot;,&quot;mobile&quot;]}\">\n\t\t\t\t<div class=\"elementor-element elementor-element-f189852 elementor-widget elementor-widget-text-editor\" data-id=\"f189852\" data-element_type=\"widget\" data-e-type=\"widget\" data-widget_type=\"text-editor.default\">\n\t\t\t\t<div class=\"elementor-widget-container\">\n\t\t\t\t\t\t\t\t\t<p>L&rsquo;exp\u00e9rience ne serait pas compl\u00e8te sans <strong>une immersion dans le monde de la plong\u00e9e<\/strong> avec le Ylang Dive Center, affili\u00e9 \u00e0 notre boutique-h\u00f4tel. Que vous soyez d\u00e9butant ou plongeur certifi\u00e9, notre centre de plong\u00e9e offre une vari\u00e9t\u00e9 de cours et d&rsquo;excursions adapt\u00e9s \u00e0 tous les niveaux. Explorez les r\u00e9cifs coralliens, les \u00e9paves et rencontrez une vie marine diversifi\u00e9e dans l&rsquo;un des sites de plong\u00e9e les plus r\u00e9put\u00e9s de Madagascar.<\/p>\t\t\t\t\t\t\t\t<\/div>\n\t\t\t\t<\/div>\n\t\t\t\t<\/div>\n\t\t\t\t\t<\/div>\n\t\t\t\t<\/div>\n\t\t<div class=\"elementor-element elementor-element-8886840 e-flex e-con-boxed e-con e-parent\" data-id=\"8886840\" data-element_type=\"container\" data-e-type=\"container\">\n\t\t\t\t\t<div class=\"e-con-inner\">\n\t\t\t\t<div class=\"elementor-element elementor-element-e9a21ab elementor-widget elementor-widget-text-editor\" data-id=\"e9a21ab\" data-element_type=\"widget\" data-e-type=\"widget\" data-widget_type=\"text-editor.default\">\n\t\t\t\t<div class=\"elementor-widget-container\">\n\t\t\t\t\t\t\t\t\t<p>La boutique-h\u00f4tel Maison Ylang est donc le choix id\u00e9al pour <strong>les voyageurs \u00e0 la recherche d&rsquo;une exp\u00e9rience authentique \u00e0 Nosy Be<\/strong>, combinant exploration, d\u00e9tente et confort. Que ce soit pour des vacances en famille, un voyage de d\u00e9couverte ou une escapade romantique, nous promettons un s\u00e9jour m\u00e9morable dans l&rsquo;un des plus beaux endroits de Madagascar.<\/p>\t\t\t\t\t\t\t\t<\/div>\n\t\t\t\t<\/div>\n\t\t\t\t<div class=\"elementor-element elementor-element-249bb88 elementor-align-center arrowed elementor-widget elementor-widget-button\" data-id=\"249bb88\" data-element_type=\"widget\" data-e-type=\"widget\" data-widget_type=\"button.default\">\n\t\t\t\t<div class=\"elementor-widget-container\">\n\t\t\t\t\t\t\t\t\t<div class=\"elementor-button-wrapper\">\n\t\t\t\t\t<a class=\"elementor-button elementor-button-link elementor-size-sm\" href=\"https:\/\/us2.cloudbeds.com\/reservation\/26bnGT\" target=\"_blank\">\n\t\t\t\t\t\t<span class=\"elementor-button-content-wrapper\">\n\t\t\t\t\t\t<span class=\"elementor-button-icon\">\n\t\t\t\t<svg xmlns=\"http:\/\/www.w3.org\/2000\/svg\" xmlns:xlink=\"http:\/\/www.w3.org\/1999\/xlink\" xmlns:serif=\"http:\/\/www.serif.com\/\" width=\"100%\" height=\"100%\" viewBox=\"0 0 64 24\" xml:space=\"preserve\" style=\"fill-rule:evenodd;clip-rule:evenodd;\"><g id=\"Groupe_3\"><path id=\"Ligne_3\" d=\"M0.671,11.914l60.658,0\" style=\"fill:none;fill-rule:nonzero;stroke:currentColor;stroke-width:2.98px;\"><\/path><path id=\"Trac&#xE9;_4\" d=\"M52.744,1.103l8.585,10.811l-8.585,10.239\" style=\"fill:none;fill-rule:nonzero;stroke:currentColor;stroke-width:2.98px;\"><\/path><\/g><\/svg>\t\t\t<\/span>\n\t\t\t\t\t\t\t\t\t<span class=\"elementor-button-text\">R\u00e9server<\/span>\n\t\t\t\t\t<\/span>\n\t\t\t\t\t<\/a>\n\t\t\t\t<\/div>\n\t\t\t\t\t\t\t\t<\/div>\n\t\t\t\t<\/div>\n\t\t\t\t\t<\/div>\n\t\t\t\t<\/div>\n\t\t\t\t<\/div>\n\t\t","protected":false},"excerpt":{"rendered":"<p>Chambre Standard\u200b La Chambre Standard repr\u00e9sente l&rsquo;essence m\u00eame de l&rsquo;accueil chaleureux malgache, avec tout le confort n\u00e9cessaire pour un s\u00e9jour des plus agr\u00e9ables \u00e0 Nosy Be. Cette chambre est une invitation \u00e0 la d\u00e9tente, offrant intimit\u00e9 et tranquillit\u00e9. Profitez d&rsquo;am\u00e9nagements pens\u00e9s pour votre bien-\u00eatre, dans un cadre \u00e0 la fois simple et \u00e9l\u00e9gant. Id\u00e9ale pour &hellip; <a href=\"https:\/\/ylangdivecenter.com\/en\/maison-ylang-hotel\/nos-chambres\/chambre-standard\/\">Continued<\/a><\/p>","protected":false},"author":2,"featured_media":0,"parent":29,"menu_order":0,"comment_status":"closed","ping_status":"closed","template":"","meta":{"footnotes":""},"class_list":["post-645","page","type-page","status-publish","hentry"],"yoast_head":"<!-- This site is optimized with the Yoast SEO plugin v27.4 - https:\/\/yoast.com\/product\/yoast-seo-wordpress\/ -->\n<title>Chambre - Standard - Maison Ylang<\/title>\n<meta name=\"robots\" content=\"index, follow, max-snippet:-1, max-image-preview:large, max-video-preview:-1\" \/>\n<link rel=\"canonical\" href=\"https:\/\/ylangdivecenter.com\/en\/maison-ylang-hotel\/nos-chambres\/chambre-standard\/\" \/>\n<meta property=\"og:locale\" content=\"en_US\" \/>\n<meta property=\"og:type\" content=\"article\" \/>\n<meta property=\"og:title\" content=\"Chambre - Standard - Maison Ylang\" \/>\n<meta property=\"og:description\" content=\"Chambre Standard\u200b La Chambre Standard repr\u00e9sente l&rsquo;essence m\u00eame de l&rsquo;accueil chaleureux malgache, avec tout le confort n\u00e9cessaire pour un s\u00e9jour des plus agr\u00e9ables \u00e0 Nosy Be. Cette chambre est une invitation \u00e0 la d\u00e9tente, offrant intimit\u00e9 et tranquillit\u00e9. Profitez d&rsquo;am\u00e9nagements pens\u00e9s pour votre bien-\u00eatre, dans un cadre \u00e0 la fois simple et \u00e9l\u00e9gant. Id\u00e9ale pour &hellip; Continued\" \/>\n<meta property=\"og:url\" content=\"https:\/\/ylangdivecenter.com\/en\/maison-ylang-hotel\/nos-chambres\/chambre-standard\/\" \/>\n<meta property=\"og:site_name\" content=\"Maison Ylang\" \/>\n<meta property=\"article:modified_time\" content=\"2025-02-08T06:13:24+00:00\" \/>\n<meta property=\"og:image\" content=\"https:\/\/ylangdivecenter.com\/wp-content\/uploads\/2024\/05\/IMG_1426-1.jpg\" \/>\n\t<meta property=\"og:image:width\" content=\"931\" \/>\n\t<meta property=\"og:image:height\" content=\"699\" \/>\n\t<meta property=\"og:image:type\" content=\"image\/jpeg\" \/>\n<meta name=\"twitter:card\" content=\"summary_large_image\" \/>\n<meta name=\"twitter:label1\" content=\"Est. reading time\" \/>\n\t<meta name=\"twitter:data1\" content=\"3 minutes\" \/>\n<script type=\"application\/ld+json\" class=\"yoast-schema-graph\">{\"@context\":\"https:\\\/\\\/schema.org\",\"@graph\":[{\"@type\":\"WebPage\",\"@id\":\"https:\\\/\\\/ylangdivecenter.com\\\/maison-ylang-hotel\\\/nos-chambres\\\/chambre-standard\\\/\",\"url\":\"https:\\\/\\\/ylangdivecenter.com\\\/maison-ylang-hotel\\\/nos-chambres\\\/chambre-standard\\\/\",\"name\":\"Chambre - Standard - Maison Ylang\",\"isPartOf\":{\"@id\":\"https:\\\/\\\/ylangdivecenter.com\\\/#website\"},\"primaryImageOfPage\":{\"@id\":\"https:\\\/\\\/ylangdivecenter.com\\\/maison-ylang-hotel\\\/nos-chambres\\\/chambre-standard\\\/#primaryimage\"},\"image\":{\"@id\":\"https:\\\/\\\/ylangdivecenter.com\\\/maison-ylang-hotel\\\/nos-chambres\\\/chambre-standard\\\/#primaryimage\"},\"thumbnailUrl\":\"https:\\\/\\\/ylangdivecenter.com\\\/wp-content\\\/uploads\\\/2024\\\/05\\\/IMG_1426-1.jpg\",\"datePublished\":\"2024-04-25T06:21:59+00:00\",\"dateModified\":\"2025-02-08T06:13:24+00:00\",\"breadcrumb\":{\"@id\":\"https:\\\/\\\/ylangdivecenter.com\\\/maison-ylang-hotel\\\/nos-chambres\\\/chambre-standard\\\/#breadcrumb\"},\"inLanguage\":\"en-US\",\"potentialAction\":[{\"@type\":\"ReadAction\",\"target\":[\"https:\\\/\\\/ylangdivecenter.com\\\/maison-ylang-hotel\\\/nos-chambres\\\/chambre-standard\\\/\"]}]},{\"@type\":\"ImageObject\",\"inLanguage\":\"en-US\",\"@id\":\"https:\\\/\\\/ylangdivecenter.com\\\/maison-ylang-hotel\\\/nos-chambres\\\/chambre-standard\\\/#primaryimage\",\"url\":\"https:\\\/\\\/ylangdivecenter.com\\\/wp-content\\\/uploads\\\/2024\\\/05\\\/IMG_1426-1.jpg\",\"contentUrl\":\"https:\\\/\\\/ylangdivecenter.com\\\/wp-content\\\/uploads\\\/2024\\\/05\\\/IMG_1426-1.jpg\"},{\"@type\":\"BreadcrumbList\",\"@id\":\"https:\\\/\\\/ylangdivecenter.com\\\/maison-ylang-hotel\\\/nos-chambres\\\/chambre-standard\\\/#breadcrumb\",\"itemListElement\":[{\"@type\":\"ListItem\",\"position\":1,\"name\":\"Home\",\"item\":\"https:\\\/\\\/ylangdivecenter.com\\\/\"},{\"@type\":\"ListItem\",\"position\":2,\"name\":\"Maison Ylang H\u00f4tel\",\"item\":\"https:\\\/\\\/ylangdivecenter.com\\\/maison-ylang-hotel\\\/\"},{\"@type\":\"ListItem\",\"position\":3,\"name\":\"Nos chambres\",\"item\":\"https:\\\/\\\/ylangdivecenter.com\\\/maison-ylang-hotel\\\/nos-chambres\\\/\"},{\"@type\":\"ListItem\",\"position\":4,\"name\":\"Chambre &#8211; Standard\"}]},{\"@type\":\"WebSite\",\"@id\":\"https:\\\/\\\/ylangdivecenter.com\\\/#website\",\"url\":\"https:\\\/\\\/ylangdivecenter.com\\\/\",\"name\":\"Maison Ylang\",\"description\":\"\",\"publisher\":{\"@id\":\"https:\\\/\\\/ylangdivecenter.com\\\/#organization\"},\"potentialAction\":[{\"@type\":\"SearchAction\",\"target\":{\"@type\":\"EntryPoint\",\"urlTemplate\":\"https:\\\/\\\/ylangdivecenter.com\\\/?s={search_term_string}\"},\"query-input\":{\"@type\":\"PropertyValueSpecification\",\"valueRequired\":true,\"valueName\":\"search_term_string\"}}],\"inLanguage\":\"en-US\"},{\"@type\":\"Organization\",\"@id\":\"https:\\\/\\\/ylangdivecenter.com\\\/#organization\",\"name\":\"Maison Ylang\",\"url\":\"https:\\\/\\\/ylangdivecenter.com\\\/\",\"logo\":{\"@type\":\"ImageObject\",\"inLanguage\":\"en-US\",\"@id\":\"https:\\\/\\\/ylangdivecenter.com\\\/#\\\/schema\\\/logo\\\/image\\\/\",\"url\":\"https:\\\/\\\/ylangdivecenter.com\\\/wp-content\\\/uploads\\\/2024\\\/04\\\/logo_circle.webp\",\"contentUrl\":\"https:\\\/\\\/ylangdivecenter.com\\\/wp-content\\\/uploads\\\/2024\\\/04\\\/logo_circle.webp\",\"width\":756,\"height\":756,\"caption\":\"Maison Ylang\"},\"image\":{\"@id\":\"https:\\\/\\\/ylangdivecenter.com\\\/#\\\/schema\\\/logo\\\/image\\\/\"}}]}<\/script>\n<!-- \/ Yoast SEO plugin. -->","yoast_head_json":{"title":"Chambre - Standard - Maison Ylang","robots":{"index":"index","follow":"follow","max-snippet":"max-snippet:-1","max-image-preview":"max-image-preview:large","max-video-preview":"max-video-preview:-1"},"canonical":"https:\/\/ylangdivecenter.com\/en\/maison-ylang-hotel\/nos-chambres\/chambre-standard\/","og_locale":"en_US","og_type":"article","og_title":"Chambre - Standard - Maison Ylang","og_description":"Chambre Standard\u200b La Chambre Standard repr\u00e9sente l&rsquo;essence m\u00eame de l&rsquo;accueil chaleureux malgache, avec tout le confort n\u00e9cessaire pour un s\u00e9jour des plus agr\u00e9ables \u00e0 Nosy Be. Cette chambre est une invitation \u00e0 la d\u00e9tente, offrant intimit\u00e9 et tranquillit\u00e9. Profitez d&rsquo;am\u00e9nagements pens\u00e9s pour votre bien-\u00eatre, dans un cadre \u00e0 la fois simple et \u00e9l\u00e9gant. Id\u00e9ale pour &hellip; Continued","og_url":"https:\/\/ylangdivecenter.com\/en\/maison-ylang-hotel\/nos-chambres\/chambre-standard\/","og_site_name":"Maison Ylang","article_modified_time":"2025-02-08T06:13:24+00:00","og_image":[{"width":931,"height":699,"url":"https:\/\/ylangdivecenter.com\/wp-content\/uploads\/2024\/05\/IMG_1426-1.jpg","type":"image\/jpeg"}],"twitter_card":"summary_large_image","twitter_misc":{"Est. reading time":"3 minutes"},"schema":{"@context":"https:\/\/schema.org","@graph":[{"@type":"WebPage","@id":"https:\/\/ylangdivecenter.com\/maison-ylang-hotel\/nos-chambres\/chambre-standard\/","url":"https:\/\/ylangdivecenter.com\/maison-ylang-hotel\/nos-chambres\/chambre-standard\/","name":"Chambre - Standard - Maison Ylang","isPartOf":{"@id":"https:\/\/ylangdivecenter.com\/#website"},"primaryImageOfPage":{"@id":"https:\/\/ylangdivecenter.com\/maison-ylang-hotel\/nos-chambres\/chambre-standard\/#primaryimage"},"image":{"@id":"https:\/\/ylangdivecenter.com\/maison-ylang-hotel\/nos-chambres\/chambre-standard\/#primaryimage"},"thumbnailUrl":"https:\/\/ylangdivecenter.com\/wp-content\/uploads\/2024\/05\/IMG_1426-1.jpg","datePublished":"2024-04-25T06:21:59+00:00","dateModified":"2025-02-08T06:13:24+00:00","breadcrumb":{"@id":"https:\/\/ylangdivecenter.com\/maison-ylang-hotel\/nos-chambres\/chambre-standard\/#breadcrumb"},"inLanguage":"en-US","potentialAction":[{"@type":"ReadAction","target":["https:\/\/ylangdivecenter.com\/maison-ylang-hotel\/nos-chambres\/chambre-standard\/"]}]},{"@type":"ImageObject","inLanguage":"en-US","@id":"https:\/\/ylangdivecenter.com\/maison-ylang-hotel\/nos-chambres\/chambre-standard\/#primaryimage","url":"https:\/\/ylangdivecenter.com\/wp-content\/uploads\/2024\/05\/IMG_1426-1.jpg","contentUrl":"https:\/\/ylangdivecenter.com\/wp-content\/uploads\/2024\/05\/IMG_1426-1.jpg"},{"@type":"BreadcrumbList","@id":"https:\/\/ylangdivecenter.com\/maison-ylang-hotel\/nos-chambres\/chambre-standard\/#breadcrumb","itemListElement":[{"@type":"ListItem","position":1,"name":"Home","item":"https:\/\/ylangdivecenter.com\/"},{"@type":"ListItem","position":2,"name":"Maison Ylang H\u00f4tel","item":"https:\/\/ylangdivecenter.com\/maison-ylang-hotel\/"},{"@type":"ListItem","position":3,"name":"Nos chambres","item":"https:\/\/ylangdivecenter.com\/maison-ylang-hotel\/nos-chambres\/"},{"@type":"ListItem","position":4,"name":"Chambre &#8211; Standard"}]},{"@type":"WebSite","@id":"https:\/\/ylangdivecenter.com\/#website","url":"https:\/\/ylangdivecenter.com\/","name":"Maison Ylang","description":"","publisher":{"@id":"https:\/\/ylangdivecenter.com\/#organization"},"potentialAction":[{"@type":"SearchAction","target":{"@type":"EntryPoint","urlTemplate":"https:\/\/ylangdivecenter.com\/?s={search_term_string}"},"query-input":{"@type":"PropertyValueSpecification","valueRequired":true,"valueName":"search_term_string"}}],"inLanguage":"en-US"},{"@type":"Organization","@id":"https:\/\/ylangdivecenter.com\/#organization","name":"Maison Ylang","url":"https:\/\/ylangdivecenter.com\/","logo":{"@type":"ImageObject","inLanguage":"en-US","@id":"https:\/\/ylangdivecenter.com\/#\/schema\/logo\/image\/","url":"https:\/\/ylangdivecenter.com\/wp-content\/uploads\/2024\/04\/logo_circle.webp","contentUrl":"https:\/\/ylangdivecenter.com\/wp-content\/uploads\/2024\/04\/logo_circle.webp","width":756,"height":756,"caption":"Maison Ylang"},"image":{"@id":"https:\/\/ylangdivecenter.com\/#\/schema\/logo\/image\/"}}]}},"_links":{"self":[{"href":"https:\/\/ylangdivecenter.com\/en\/wp-json\/wp\/v2\/pages\/645","targetHints":{"allow":["GET"]}}],"collection":[{"href":"https:\/\/ylangdivecenter.com\/en\/wp-json\/wp\/v2\/pages"}],"about":[{"href":"https:\/\/ylangdivecenter.com\/en\/wp-json\/wp\/v2\/types\/page"}],"author":[{"embeddable":true,"href":"https:\/\/ylangdivecenter.com\/en\/wp-json\/wp\/v2\/users\/2"}],"replies":[{"embeddable":true,"href":"https:\/\/ylangdivecenter.com\/en\/wp-json\/wp\/v2\/comments?post=645"}],"version-history":[{"count":5,"href":"https:\/\/ylangdivecenter.com\/en\/wp-json\/wp\/v2\/pages\/645\/revisions"}],"predecessor-version":[{"id":2951,"href":"https:\/\/ylangdivecenter.com\/en\/wp-json\/wp\/v2\/pages\/645\/revisions\/2951"}],"up":[{"embeddable":true,"href":"https:\/\/ylangdivecenter.com\/en\/wp-json\/wp\/v2\/pages\/29"}],"wp:attachment":[{"href":"https:\/\/ylangdivecenter.com\/en\/wp-json\/wp\/v2\/media?parent=645"}],"curies":[{"name":"wp","href":"https:\/\/api.w.org\/{rel}","templated":true}]}}