{"id":647,"date":"2024-04-25T08:22:32","date_gmt":"2024-04-25T06:22:32","guid":{"rendered":"https:\/\/staging.ylangdivecenter.com\/?page_id=647"},"modified":"2025-02-08T07:13:43","modified_gmt":"2025-02-08T06:13:43","slug":"chambre-standard-jardin-vue-mer","status":"publish","type":"page","link":"https:\/\/ylangdivecenter.com\/en\/maison-ylang-hotel\/nos-chambres\/chambre-standard-jardin-vue-mer\/","title":{"rendered":"Chambre &#8211; Standard (Jardin \/ Vue Mer)"},"content":{"rendered":"\t\t<div data-elementor-type=\"wp-page\" data-elementor-id=\"647\" class=\"elementor elementor-647\" data-elementor-post-type=\"page\">\n\t\t\t\t<div class=\"elementor-element elementor-element-9e4cc65 e-flex e-con-boxed e-con e-parent\" data-id=\"9e4cc65\" data-element_type=\"container\" data-e-type=\"container\" data-settings=\"{&quot;background_background&quot;:&quot;classic&quot;,&quot;background_motion_fx_motion_fx_scrolling&quot;:&quot;yes&quot;,&quot;background_motion_fx_translateY_effect&quot;:&quot;yes&quot;,&quot;background_motion_fx_translateY_speed&quot;:{&quot;unit&quot;:&quot;px&quot;,&quot;size&quot;:4,&quot;sizes&quot;:[]},&quot;background_motion_fx_translateY_affectedRange&quot;:{&quot;unit&quot;:&quot;%&quot;,&quot;size&quot;:&quot;&quot;,&quot;sizes&quot;:{&quot;start&quot;:0,&quot;end&quot;:100}},&quot;background_motion_fx_devices&quot;:[&quot;desktop&quot;,&quot;tablet&quot;,&quot;mobile&quot;]}\">\n\t\t\t\t\t<div class=\"e-con-inner\">\n\t\t<div class=\"elementor-element elementor-element-3db3448 e-con-full yl-bg-grunge wave e-flex e-con e-child\" data-id=\"3db3448\" data-element_type=\"container\" data-e-type=\"container\" data-settings=\"{&quot;background_background&quot;:&quot;classic&quot;,&quot;position&quot;:&quot;absolute&quot;}\">\n\t\t\t\t<div class=\"elementor-element elementor-element-bad99e3 elementor-widget elementor-widget-heading\" data-id=\"bad99e3\" data-element_type=\"widget\" data-e-type=\"widget\" data-widget_type=\"heading.default\">\n\t\t\t\t<div class=\"elementor-widget-container\">\n\t\t\t\t\t<h1 class=\"elementor-heading-title elementor-size-default\">Chambre Standard\u200b<\/h1>\t\t\t\t<\/div>\n\t\t\t\t<\/div>\n\t\t\t\t<div class=\"elementor-element elementor-element-e8ba2ed elementor-widget elementor-widget-text-editor\" data-id=\"e8ba2ed\" data-element_type=\"widget\" data-e-type=\"widget\" data-widget_type=\"text-editor.default\">\n\t\t\t\t<div class=\"elementor-widget-container\">\n\t\t\t\t\t\t\t\t\t<p>Jardin \/ Vue Mer<\/p>\t\t\t\t\t\t\t\t<\/div>\n\t\t\t\t<\/div>\n\t\t\t\t<\/div>\n\t\t\t\t\t<\/div>\n\t\t\t\t<\/div>\n\t\t<div class=\"elementor-element elementor-element-f313d83 e-flex e-con-boxed e-con e-parent\" data-id=\"f313d83\" data-element_type=\"container\" data-e-type=\"container\">\n\t\t\t\t\t<div class=\"e-con-inner\">\n\t\t\t\t<div class=\"elementor-element elementor-element-29e8cf9 elementor-widget elementor-widget-text-editor\" data-id=\"29e8cf9\" data-element_type=\"widget\" data-e-type=\"widget\" data-widget_type=\"text-editor.default\">\n\t\t\t\t<div class=\"elementor-widget-container\">\n\t\t\t\t\t\t\t\t\t<p>Notre Chambre Standard Vue Mer allie confort et vue spectaculaire sur l&rsquo;oc\u00e9an, envelopp\u00e9e dans une atmosph\u00e8re chaleureuse. Situ\u00e9e \u00e0 Nosy Be, cette chambre est l&rsquo;incarnation de l&rsquo;\u00e9l\u00e9gance discr\u00e8te, offrant un balcon avec vue sur le jardin int\u00e9rieur et la piscine, pour des moments de d\u00e9tente absolus. C&rsquo;est l&rsquo;option id\u00e9ale pour les voyageurs \u00e0 la recherche d&rsquo;un s\u00e9jour m\u00e9morable dans une <strong>boutique-h\u00f4tel \u00e0 Madagascar<\/strong>, o\u00f9 chaque r\u00e9veil est un enchantement.<\/p>\t\t\t\t\t\t\t\t<\/div>\n\t\t\t\t<\/div>\n\t\t\t\t\t<\/div>\n\t\t\t\t<\/div>\n\t\t<div class=\"elementor-element elementor-element-3d168fb animated-slow e-flex e-con-boxed elementor-invisible e-con e-parent\" data-id=\"3d168fb\" data-element_type=\"container\" data-e-type=\"container\" data-settings=\"{&quot;animation&quot;:&quot;fadeIn&quot;}\">\n\t\t\t\t\t<div class=\"e-con-inner\">\n\t\t\t\t<div class=\"elementor-element elementor-element-541637f elementor-widget__width-inherit elementor-widget elementor-widget-image\" data-id=\"541637f\" data-element_type=\"widget\" data-e-type=\"widget\" data-widget_type=\"image.default\">\n\t\t\t\t<div class=\"elementor-widget-container\">\n\t\t\t\t\t\t\t\t\t\t\t\t\t\t\t<img fetchpriority=\"high\" decoding=\"async\" width=\"1024\" height=\"768\" src=\"https:\/\/ylangdivecenter.com\/wp-content\/uploads\/2024\/07\/sans-titre-1-sur-1-1-1024x768.webp\" class=\"attachment-large size-large wp-image-2775\" alt=\"\" srcset=\"https:\/\/ylangdivecenter.com\/wp-content\/uploads\/2024\/07\/sans-titre-1-sur-1-1-1024x768.webp 1024w, https:\/\/ylangdivecenter.com\/wp-content\/uploads\/2024\/07\/sans-titre-1-sur-1-1-300x225.webp 300w, https:\/\/ylangdivecenter.com\/wp-content\/uploads\/2024\/07\/sans-titre-1-sur-1-1-768x576.webp 768w, https:\/\/ylangdivecenter.com\/wp-content\/uploads\/2024\/07\/sans-titre-1-sur-1-1-1536x1152.webp 1536w, https:\/\/ylangdivecenter.com\/wp-content\/uploads\/2024\/07\/sans-titre-1-sur-1-1-2048x1536.webp 2048w, https:\/\/ylangdivecenter.com\/wp-content\/uploads\/2024\/07\/sans-titre-1-sur-1-1-16x12.webp 16w\" sizes=\"(max-width: 1024px) 100vw, 1024px\" \/>\t\t\t\t\t\t\t\t\t\t\t\t\t\t\t<\/div>\n\t\t\t\t<\/div>\n\t\t<div class=\"elementor-element elementor-element-d6f5ef7 e-con-full yl-bg-grunge e-flex elementor-invisible e-con e-child\" data-id=\"d6f5ef7\" data-element_type=\"container\" data-e-type=\"container\" data-settings=\"{&quot;background_background&quot;:&quot;classic&quot;,&quot;motion_fx_motion_fx_scrolling&quot;:&quot;yes&quot;,&quot;motion_fx_translateY_effect&quot;:&quot;yes&quot;,&quot;motion_fx_translateY_speed&quot;:{&quot;unit&quot;:&quot;px&quot;,&quot;size&quot;:2,&quot;sizes&quot;:[]},&quot;animation&quot;:&quot;fadeIn&quot;,&quot;position&quot;:&quot;absolute&quot;,&quot;motion_fx_translateY_affectedRange&quot;:{&quot;unit&quot;:&quot;%&quot;,&quot;size&quot;:&quot;&quot;,&quot;sizes&quot;:{&quot;start&quot;:0,&quot;end&quot;:100}},&quot;motion_fx_devices&quot;:[&quot;desktop&quot;,&quot;tablet&quot;,&quot;mobile&quot;]}\">\n\t\t\t\t<div class=\"elementor-element elementor-element-df6b5eb elementor-widget elementor-widget-text-editor\" data-id=\"df6b5eb\" data-element_type=\"widget\" data-e-type=\"widget\" data-widget_type=\"text-editor.default\">\n\t\t\t\t<div class=\"elementor-widget-container\">\n\t\t\t\t\t\t\t\t\t<p>Au c\u0153ur de Nosy Be, <strong>la Boutique-H\u00f4tel \u00e0 Nosy Be<\/strong>, Maison Ylang pr\u00e9sente ses chambres standard jardin avec vue mer, offrant une fusion parfaite entre luxe discret et confort contemporain. Chacune de ces chambres de 25m\u00b2 propose une vue imprenable sur le jardin luxuriant et l&rsquo;azur de l&rsquo;oc\u00e9an, garantissant un r\u00e9veil enchanteur chaque matin. Dot\u00e9es de commodit\u00e9s de premier choix telles que l&rsquo;acc\u00e8s Internet, la TV par c\u00e2ble\/satellite, un balcon priv\u00e9, et plus encore, elles promettent un s\u00e9jour de d\u00e9tente absolue.<\/p>\t\t\t\t\t\t\t\t<\/div>\n\t\t\t\t<\/div>\n\t\t\t\t<\/div>\n\t\t\t\t\t<\/div>\n\t\t\t\t<\/div>\n\t\t<div class=\"elementor-element elementor-element-2b3ea13 animated-slow e-flex e-con-boxed elementor-invisible e-con e-parent\" data-id=\"2b3ea13\" data-element_type=\"container\" data-e-type=\"container\" data-settings=\"{&quot;animation&quot;:&quot;fadeIn&quot;}\">\n\t\t\t\t\t<div class=\"e-con-inner\">\n\t\t\t\t<div class=\"elementor-element elementor-element-a15dab4 elementor-widget__width-inherit elementor-widget elementor-widget-image\" data-id=\"a15dab4\" data-element_type=\"widget\" data-e-type=\"widget\" data-widget_type=\"image.default\">\n\t\t\t\t<div class=\"elementor-widget-container\">\n\t\t\t\t\t\t\t\t\t\t\t\t\t\t\t<img decoding=\"async\" src=\"https:\/\/ylangdivecenter.com\/wp-content\/uploads\/2024\/05\/P7010513-1-e1716381702539.jpg\" title=\"P7010513\" alt=\"P7010513\" loading=\"lazy\" \/>\t\t\t\t\t\t\t\t\t\t\t\t\t\t\t<\/div>\n\t\t\t\t<\/div>\n\t\t<div class=\"elementor-element elementor-element-1b6ba72 e-con-full yl-bg-grunge e-flex elementor-invisible e-con e-child\" data-id=\"1b6ba72\" data-element_type=\"container\" data-e-type=\"container\" data-settings=\"{&quot;background_background&quot;:&quot;classic&quot;,&quot;motion_fx_motion_fx_scrolling&quot;:&quot;yes&quot;,&quot;motion_fx_translateY_effect&quot;:&quot;yes&quot;,&quot;motion_fx_translateY_speed&quot;:{&quot;unit&quot;:&quot;px&quot;,&quot;size&quot;:2,&quot;sizes&quot;:[]},&quot;animation&quot;:&quot;fadeIn&quot;,&quot;position&quot;:&quot;absolute&quot;,&quot;motion_fx_translateY_affectedRange&quot;:{&quot;unit&quot;:&quot;%&quot;,&quot;size&quot;:&quot;&quot;,&quot;sizes&quot;:{&quot;start&quot;:0,&quot;end&quot;:100}},&quot;motion_fx_devices&quot;:[&quot;desktop&quot;,&quot;tablet&quot;,&quot;mobile&quot;]}\">\n\t\t\t\t<div class=\"elementor-element elementor-element-a93ce82 elementor-widget elementor-widget-text-editor\" data-id=\"a93ce82\" data-element_type=\"widget\" data-e-type=\"widget\" data-widget_type=\"text-editor.default\">\n\t\t\t\t<div class=\"elementor-widget-container\">\n\t\t\t\t\t\t\t\t\t<p>Explorant les alentours de Nosy Be, les h\u00f4tes d\u00e9couvriront un <strong>paradis d&rsquo;activit\u00e9s en plein air<\/strong>. De la plong\u00e9e avec le Ylang Dive Center, offrant des exp\u00e9riences sous-marines inoubliables \u00e0 tous les niveaux, aux excursions dans l&rsquo;\u00eele r\u00e9v\u00e9lant sa nature luxuriante et sa culture riche, chaque moment promet d&rsquo;\u00eatre m\u00e9morable. Les visiteurs peuvent s&rsquo;immerger dans l&rsquo;essence de Madagascar, entre rencontres avec la faune end\u00e9mique et d\u00e9tente sur la plage.<\/p>\t\t\t\t\t\t\t\t<\/div>\n\t\t\t\t<\/div>\n\t\t\t\t<\/div>\n\t\t\t\t\t<\/div>\n\t\t\t\t<\/div>\n\t\t<div class=\"elementor-element elementor-element-e171d8c e-flex e-con-boxed e-con e-parent\" data-id=\"e171d8c\" data-element_type=\"container\" data-e-type=\"container\">\n\t\t\t\t\t<div class=\"e-con-inner\">\n\t\t\t\t<div class=\"elementor-element elementor-element-809f97c elementor-widget elementor-widget-text-editor\" data-id=\"809f97c\" data-element_type=\"widget\" data-e-type=\"widget\" data-widget_type=\"text-editor.default\">\n\t\t\t\t<div class=\"elementor-widget-container\">\n\t\t\t\t\t\t\t\t\t<p>La Boutique-H\u00f4tel Maison Ylang est ainsi l&rsquo;adresse parfaite pour ceux qui cherchent \u00e0 allier le charme d&rsquo;un <strong>s\u00e9jour \u00e0 Nosy Be<\/strong> avec des exp\u00e9riences authentiques et enrichissantes. Que vous soyez l\u00e0 pour la plong\u00e9e, la d\u00e9couverte culturelle, ou simplement pour vous ressourcer dans un cadre idyllique, nous vous promettons un accueil chaleureux et un service irr\u00e9prochable, faisant de votre passage chez nous une escapade inoubliable sur l&rsquo;\u00eele aux parfums.<\/p>\t\t\t\t\t\t\t\t<\/div>\n\t\t\t\t<\/div>\n\t\t\t\t<div class=\"elementor-element elementor-element-371104a elementor-align-center arrowed elementor-widget elementor-widget-button\" data-id=\"371104a\" data-element_type=\"widget\" data-e-type=\"widget\" data-widget_type=\"button.default\">\n\t\t\t\t<div class=\"elementor-widget-container\">\n\t\t\t\t\t\t\t\t\t<div class=\"elementor-button-wrapper\">\n\t\t\t\t\t<a class=\"elementor-button elementor-button-link elementor-size-sm\" href=\"https:\/\/us2.cloudbeds.com\/reservation\/26bnGT\" target=\"_blank\">\n\t\t\t\t\t\t<span class=\"elementor-button-content-wrapper\">\n\t\t\t\t\t\t<span class=\"elementor-button-icon\">\n\t\t\t\t<svg xmlns=\"http:\/\/www.w3.org\/2000\/svg\" xmlns:xlink=\"http:\/\/www.w3.org\/1999\/xlink\" xmlns:serif=\"http:\/\/www.serif.com\/\" width=\"100%\" height=\"100%\" viewBox=\"0 0 64 24\" xml:space=\"preserve\" style=\"fill-rule:evenodd;clip-rule:evenodd;\"><g id=\"Groupe_3\"><path id=\"Ligne_3\" d=\"M0.671,11.914l60.658,0\" style=\"fill:none;fill-rule:nonzero;stroke:currentColor;stroke-width:2.98px;\"><\/path><path id=\"Trac&#xE9;_4\" d=\"M52.744,1.103l8.585,10.811l-8.585,10.239\" style=\"fill:none;fill-rule:nonzero;stroke:currentColor;stroke-width:2.98px;\"><\/path><\/g><\/svg>\t\t\t<\/span>\n\t\t\t\t\t\t\t\t\t<span class=\"elementor-button-text\">R\u00e9server<\/span>\n\t\t\t\t\t<\/span>\n\t\t\t\t\t<\/a>\n\t\t\t\t<\/div>\n\t\t\t\t\t\t\t\t<\/div>\n\t\t\t\t<\/div>\n\t\t\t\t\t<\/div>\n\t\t\t\t<\/div>\n\t\t\t\t<\/div>\n\t\t","protected":false},"excerpt":{"rendered":"<p>Chambre Standard\u200b Jardin \/ Vue Mer Notre Chambre Standard Vue Mer allie confort et vue spectaculaire sur l&rsquo;oc\u00e9an, envelopp\u00e9e dans une atmosph\u00e8re chaleureuse. Situ\u00e9e \u00e0 Nosy Be, cette chambre est l&rsquo;incarnation de l&rsquo;\u00e9l\u00e9gance discr\u00e8te, offrant un balcon avec vue sur le jardin int\u00e9rieur et la piscine, pour des moments de d\u00e9tente absolus. C&rsquo;est l&rsquo;option id\u00e9ale &hellip; <a href=\"https:\/\/ylangdivecenter.com\/en\/maison-ylang-hotel\/nos-chambres\/chambre-standard-jardin-vue-mer\/\">Continued<\/a><\/p>","protected":false},"author":2,"featured_media":0,"parent":29,"menu_order":0,"comment_status":"closed","ping_status":"closed","template":"","meta":{"footnotes":""},"class_list":["post-647","page","type-page","status-publish","hentry"],"yoast_head":"<!-- This site is optimized with the Yoast SEO plugin v27.4 - https:\/\/yoast.com\/product\/yoast-seo-wordpress\/ -->\n<title>Chambre - Standard (Jardin \/ Vue Mer) - Maison Ylang<\/title>\n<meta name=\"robots\" content=\"index, follow, max-snippet:-1, max-image-preview:large, max-video-preview:-1\" \/>\n<link rel=\"canonical\" href=\"https:\/\/ylangdivecenter.com\/en\/maison-ylang-hotel\/nos-chambres\/chambre-standard-jardin-vue-mer\/\" \/>\n<meta property=\"og:locale\" content=\"en_US\" \/>\n<meta property=\"og:type\" content=\"article\" \/>\n<meta property=\"og:title\" content=\"Chambre - Standard (Jardin \/ Vue Mer) - Maison Ylang\" \/>\n<meta property=\"og:description\" content=\"Chambre Standard\u200b Jardin \/ Vue Mer Notre Chambre Standard Vue Mer allie confort et vue spectaculaire sur l&rsquo;oc\u00e9an, envelopp\u00e9e dans une atmosph\u00e8re chaleureuse. Situ\u00e9e \u00e0 Nosy Be, cette chambre est l&rsquo;incarnation de l&rsquo;\u00e9l\u00e9gance discr\u00e8te, offrant un balcon avec vue sur le jardin int\u00e9rieur et la piscine, pour des moments de d\u00e9tente absolus. C&rsquo;est l&rsquo;option id\u00e9ale &hellip; Continued\" \/>\n<meta property=\"og:url\" content=\"https:\/\/ylangdivecenter.com\/en\/maison-ylang-hotel\/nos-chambres\/chambre-standard-jardin-vue-mer\/\" \/>\n<meta property=\"og:site_name\" content=\"Maison Ylang\" \/>\n<meta property=\"article:modified_time\" content=\"2025-02-08T06:13:43+00:00\" \/>\n<meta property=\"og:image\" content=\"https:\/\/ylangdivecenter.com\/wp-content\/uploads\/2024\/07\/sans-titre-1-sur-1-1-scaled.webp\" \/>\n\t<meta property=\"og:image:width\" content=\"2560\" \/>\n\t<meta property=\"og:image:height\" content=\"1920\" \/>\n\t<meta property=\"og:image:type\" content=\"image\/webp\" \/>\n<meta name=\"twitter:card\" content=\"summary_large_image\" \/>\n<meta name=\"twitter:label1\" content=\"Est. reading time\" \/>\n\t<meta name=\"twitter:data1\" content=\"2 minutes\" \/>\n<script type=\"application\/ld+json\" class=\"yoast-schema-graph\">{\"@context\":\"https:\\\/\\\/schema.org\",\"@graph\":[{\"@type\":\"WebPage\",\"@id\":\"https:\\\/\\\/ylangdivecenter.com\\\/maison-ylang-hotel\\\/nos-chambres\\\/chambre-standard-jardin-vue-mer\\\/\",\"url\":\"https:\\\/\\\/ylangdivecenter.com\\\/maison-ylang-hotel\\\/nos-chambres\\\/chambre-standard-jardin-vue-mer\\\/\",\"name\":\"Chambre - Standard (Jardin \\\/ Vue Mer) - Maison Ylang\",\"isPartOf\":{\"@id\":\"https:\\\/\\\/ylangdivecenter.com\\\/#website\"},\"primaryImageOfPage\":{\"@id\":\"https:\\\/\\\/ylangdivecenter.com\\\/maison-ylang-hotel\\\/nos-chambres\\\/chambre-standard-jardin-vue-mer\\\/#primaryimage\"},\"image\":{\"@id\":\"https:\\\/\\\/ylangdivecenter.com\\\/maison-ylang-hotel\\\/nos-chambres\\\/chambre-standard-jardin-vue-mer\\\/#primaryimage\"},\"thumbnailUrl\":\"https:\\\/\\\/ylangdivecenter.com\\\/wp-content\\\/uploads\\\/2024\\\/07\\\/sans-titre-1-sur-1-1-1024x768.webp\",\"datePublished\":\"2024-04-25T06:22:32+00:00\",\"dateModified\":\"2025-02-08T06:13:43+00:00\",\"breadcrumb\":{\"@id\":\"https:\\\/\\\/ylangdivecenter.com\\\/maison-ylang-hotel\\\/nos-chambres\\\/chambre-standard-jardin-vue-mer\\\/#breadcrumb\"},\"inLanguage\":\"en-US\",\"potentialAction\":[{\"@type\":\"ReadAction\",\"target\":[\"https:\\\/\\\/ylangdivecenter.com\\\/maison-ylang-hotel\\\/nos-chambres\\\/chambre-standard-jardin-vue-mer\\\/\"]}]},{\"@type\":\"ImageObject\",\"inLanguage\":\"en-US\",\"@id\":\"https:\\\/\\\/ylangdivecenter.com\\\/maison-ylang-hotel\\\/nos-chambres\\\/chambre-standard-jardin-vue-mer\\\/#primaryimage\",\"url\":\"https:\\\/\\\/ylangdivecenter.com\\\/wp-content\\\/uploads\\\/2024\\\/07\\\/sans-titre-1-sur-1-1-1024x768.webp\",\"contentUrl\":\"https:\\\/\\\/ylangdivecenter.com\\\/wp-content\\\/uploads\\\/2024\\\/07\\\/sans-titre-1-sur-1-1-1024x768.webp\"},{\"@type\":\"BreadcrumbList\",\"@id\":\"https:\\\/\\\/ylangdivecenter.com\\\/maison-ylang-hotel\\\/nos-chambres\\\/chambre-standard-jardin-vue-mer\\\/#breadcrumb\",\"itemListElement\":[{\"@type\":\"ListItem\",\"position\":1,\"name\":\"Home\",\"item\":\"https:\\\/\\\/ylangdivecenter.com\\\/\"},{\"@type\":\"ListItem\",\"position\":2,\"name\":\"Maison Ylang H\u00f4tel\",\"item\":\"https:\\\/\\\/ylangdivecenter.com\\\/maison-ylang-hotel\\\/\"},{\"@type\":\"ListItem\",\"position\":3,\"name\":\"Nos chambres\",\"item\":\"https:\\\/\\\/ylangdivecenter.com\\\/maison-ylang-hotel\\\/nos-chambres\\\/\"},{\"@type\":\"ListItem\",\"position\":4,\"name\":\"Chambre &#8211; Standard (Jardin \\\/ Vue Mer)\"}]},{\"@type\":\"WebSite\",\"@id\":\"https:\\\/\\\/ylangdivecenter.com\\\/#website\",\"url\":\"https:\\\/\\\/ylangdivecenter.com\\\/\",\"name\":\"Maison Ylang\",\"description\":\"\",\"publisher\":{\"@id\":\"https:\\\/\\\/ylangdivecenter.com\\\/#organization\"},\"potentialAction\":[{\"@type\":\"SearchAction\",\"target\":{\"@type\":\"EntryPoint\",\"urlTemplate\":\"https:\\\/\\\/ylangdivecenter.com\\\/?s={search_term_string}\"},\"query-input\":{\"@type\":\"PropertyValueSpecification\",\"valueRequired\":true,\"valueName\":\"search_term_string\"}}],\"inLanguage\":\"en-US\"},{\"@type\":\"Organization\",\"@id\":\"https:\\\/\\\/ylangdivecenter.com\\\/#organization\",\"name\":\"Maison Ylang\",\"url\":\"https:\\\/\\\/ylangdivecenter.com\\\/\",\"logo\":{\"@type\":\"ImageObject\",\"inLanguage\":\"en-US\",\"@id\":\"https:\\\/\\\/ylangdivecenter.com\\\/#\\\/schema\\\/logo\\\/image\\\/\",\"url\":\"https:\\\/\\\/ylangdivecenter.com\\\/wp-content\\\/uploads\\\/2024\\\/04\\\/logo_circle.webp\",\"contentUrl\":\"https:\\\/\\\/ylangdivecenter.com\\\/wp-content\\\/uploads\\\/2024\\\/04\\\/logo_circle.webp\",\"width\":756,\"height\":756,\"caption\":\"Maison Ylang\"},\"image\":{\"@id\":\"https:\\\/\\\/ylangdivecenter.com\\\/#\\\/schema\\\/logo\\\/image\\\/\"}}]}<\/script>\n<!-- \/ Yoast SEO plugin. -->","yoast_head_json":{"title":"Chambre - Standard (Jardin \/ Vue Mer) - Maison Ylang","robots":{"index":"index","follow":"follow","max-snippet":"max-snippet:-1","max-image-preview":"max-image-preview:large","max-video-preview":"max-video-preview:-1"},"canonical":"https:\/\/ylangdivecenter.com\/en\/maison-ylang-hotel\/nos-chambres\/chambre-standard-jardin-vue-mer\/","og_locale":"en_US","og_type":"article","og_title":"Chambre - Standard (Jardin \/ Vue Mer) - Maison Ylang","og_description":"Chambre Standard\u200b Jardin \/ Vue Mer Notre Chambre Standard Vue Mer allie confort et vue spectaculaire sur l&rsquo;oc\u00e9an, envelopp\u00e9e dans une atmosph\u00e8re chaleureuse. Situ\u00e9e \u00e0 Nosy Be, cette chambre est l&rsquo;incarnation de l&rsquo;\u00e9l\u00e9gance discr\u00e8te, offrant un balcon avec vue sur le jardin int\u00e9rieur et la piscine, pour des moments de d\u00e9tente absolus. C&rsquo;est l&rsquo;option id\u00e9ale &hellip; Continued","og_url":"https:\/\/ylangdivecenter.com\/en\/maison-ylang-hotel\/nos-chambres\/chambre-standard-jardin-vue-mer\/","og_site_name":"Maison Ylang","article_modified_time":"2025-02-08T06:13:43+00:00","og_image":[{"width":2560,"height":1920,"url":"https:\/\/ylangdivecenter.com\/wp-content\/uploads\/2024\/07\/sans-titre-1-sur-1-1-scaled.webp","type":"image\/webp"}],"twitter_card":"summary_large_image","twitter_misc":{"Est. reading time":"2 minutes"},"schema":{"@context":"https:\/\/schema.org","@graph":[{"@type":"WebPage","@id":"https:\/\/ylangdivecenter.com\/maison-ylang-hotel\/nos-chambres\/chambre-standard-jardin-vue-mer\/","url":"https:\/\/ylangdivecenter.com\/maison-ylang-hotel\/nos-chambres\/chambre-standard-jardin-vue-mer\/","name":"Chambre - Standard (Jardin \/ Vue Mer) - Maison Ylang","isPartOf":{"@id":"https:\/\/ylangdivecenter.com\/#website"},"primaryImageOfPage":{"@id":"https:\/\/ylangdivecenter.com\/maison-ylang-hotel\/nos-chambres\/chambre-standard-jardin-vue-mer\/#primaryimage"},"image":{"@id":"https:\/\/ylangdivecenter.com\/maison-ylang-hotel\/nos-chambres\/chambre-standard-jardin-vue-mer\/#primaryimage"},"thumbnailUrl":"https:\/\/ylangdivecenter.com\/wp-content\/uploads\/2024\/07\/sans-titre-1-sur-1-1-1024x768.webp","datePublished":"2024-04-25T06:22:32+00:00","dateModified":"2025-02-08T06:13:43+00:00","breadcrumb":{"@id":"https:\/\/ylangdivecenter.com\/maison-ylang-hotel\/nos-chambres\/chambre-standard-jardin-vue-mer\/#breadcrumb"},"inLanguage":"en-US","potentialAction":[{"@type":"ReadAction","target":["https:\/\/ylangdivecenter.com\/maison-ylang-hotel\/nos-chambres\/chambre-standard-jardin-vue-mer\/"]}]},{"@type":"ImageObject","inLanguage":"en-US","@id":"https:\/\/ylangdivecenter.com\/maison-ylang-hotel\/nos-chambres\/chambre-standard-jardin-vue-mer\/#primaryimage","url":"https:\/\/ylangdivecenter.com\/wp-content\/uploads\/2024\/07\/sans-titre-1-sur-1-1-1024x768.webp","contentUrl":"https:\/\/ylangdivecenter.com\/wp-content\/uploads\/2024\/07\/sans-titre-1-sur-1-1-1024x768.webp"},{"@type":"BreadcrumbList","@id":"https:\/\/ylangdivecenter.com\/maison-ylang-hotel\/nos-chambres\/chambre-standard-jardin-vue-mer\/#breadcrumb","itemListElement":[{"@type":"ListItem","position":1,"name":"Home","item":"https:\/\/ylangdivecenter.com\/"},{"@type":"ListItem","position":2,"name":"Maison Ylang H\u00f4tel","item":"https:\/\/ylangdivecenter.com\/maison-ylang-hotel\/"},{"@type":"ListItem","position":3,"name":"Nos chambres","item":"https:\/\/ylangdivecenter.com\/maison-ylang-hotel\/nos-chambres\/"},{"@type":"ListItem","position":4,"name":"Chambre &#8211; Standard (Jardin \/ Vue Mer)"}]},{"@type":"WebSite","@id":"https:\/\/ylangdivecenter.com\/#website","url":"https:\/\/ylangdivecenter.com\/","name":"Maison Ylang","description":"","publisher":{"@id":"https:\/\/ylangdivecenter.com\/#organization"},"potentialAction":[{"@type":"SearchAction","target":{"@type":"EntryPoint","urlTemplate":"https:\/\/ylangdivecenter.com\/?s={search_term_string}"},"query-input":{"@type":"PropertyValueSpecification","valueRequired":true,"valueName":"search_term_string"}}],"inLanguage":"en-US"},{"@type":"Organization","@id":"https:\/\/ylangdivecenter.com\/#organization","name":"Maison Ylang","url":"https:\/\/ylangdivecenter.com\/","logo":{"@type":"ImageObject","inLanguage":"en-US","@id":"https:\/\/ylangdivecenter.com\/#\/schema\/logo\/image\/","url":"https:\/\/ylangdivecenter.com\/wp-content\/uploads\/2024\/04\/logo_circle.webp","contentUrl":"https:\/\/ylangdivecenter.com\/wp-content\/uploads\/2024\/04\/logo_circle.webp","width":756,"height":756,"caption":"Maison Ylang"},"image":{"@id":"https:\/\/ylangdivecenter.com\/#\/schema\/logo\/image\/"}}]}},"_links":{"self":[{"href":"https:\/\/ylangdivecenter.com\/en\/wp-json\/wp\/v2\/pages\/647","targetHints":{"allow":["GET"]}}],"collection":[{"href":"https:\/\/ylangdivecenter.com\/en\/wp-json\/wp\/v2\/pages"}],"about":[{"href":"https:\/\/ylangdivecenter.com\/en\/wp-json\/wp\/v2\/types\/page"}],"author":[{"embeddable":true,"href":"https:\/\/ylangdivecenter.com\/en\/wp-json\/wp\/v2\/users\/2"}],"replies":[{"embeddable":true,"href":"https:\/\/ylangdivecenter.com\/en\/wp-json\/wp\/v2\/comments?post=647"}],"version-history":[{"count":5,"href":"https:\/\/ylangdivecenter.com\/en\/wp-json\/wp\/v2\/pages\/647\/revisions"}],"predecessor-version":[{"id":2954,"href":"https:\/\/ylangdivecenter.com\/en\/wp-json\/wp\/v2\/pages\/647\/revisions\/2954"}],"up":[{"embeddable":true,"href":"https:\/\/ylangdivecenter.com\/en\/wp-json\/wp\/v2\/pages\/29"}],"wp:attachment":[{"href":"https:\/\/ylangdivecenter.com\/en\/wp-json\/wp\/v2\/media?parent=647"}],"curies":[{"name":"wp","href":"https:\/\/api.w.org\/{rel}","templated":true}]}}