{"id":649,"date":"2024-04-25T08:22:42","date_gmt":"2024-04-25T06:22:42","guid":{"rendered":"https:\/\/staging.ylangdivecenter.com\/?page_id=649"},"modified":"2025-02-08T07:13:05","modified_gmt":"2025-02-08T06:13:05","slug":"chambre-deluxe-vue-mer","status":"publish","type":"page","link":"https:\/\/ylangdivecenter.com\/en\/maison-ylang-hotel\/nos-chambres\/chambre-deluxe-vue-mer\/","title":{"rendered":"Chambre &#8211; Deluxe (Vue Mer)"},"content":{"rendered":"\t\t<div data-elementor-type=\"wp-page\" data-elementor-id=\"649\" class=\"elementor elementor-649\" data-elementor-post-type=\"page\">\n\t\t\t\t<div class=\"elementor-element elementor-element-7cf0f38 e-flex e-con-boxed e-con e-parent\" data-id=\"7cf0f38\" data-element_type=\"container\" data-e-type=\"container\" data-settings=\"{&quot;background_background&quot;:&quot;classic&quot;,&quot;background_motion_fx_motion_fx_scrolling&quot;:&quot;yes&quot;,&quot;background_motion_fx_translateY_effect&quot;:&quot;yes&quot;,&quot;background_motion_fx_translateY_speed&quot;:{&quot;unit&quot;:&quot;px&quot;,&quot;size&quot;:4,&quot;sizes&quot;:[]},&quot;background_motion_fx_translateY_affectedRange&quot;:{&quot;unit&quot;:&quot;%&quot;,&quot;size&quot;:&quot;&quot;,&quot;sizes&quot;:{&quot;start&quot;:0,&quot;end&quot;:100}},&quot;background_motion_fx_devices&quot;:[&quot;desktop&quot;,&quot;tablet&quot;,&quot;mobile&quot;]}\">\n\t\t\t\t\t<div class=\"e-con-inner\">\n\t\t<div class=\"elementor-element elementor-element-08bf043 e-con-full yl-bg-grunge wave e-flex e-con e-child\" data-id=\"08bf043\" data-element_type=\"container\" data-e-type=\"container\" data-settings=\"{&quot;background_background&quot;:&quot;classic&quot;,&quot;position&quot;:&quot;absolute&quot;}\">\n\t\t\t\t<div class=\"elementor-element elementor-element-dcdbaf5 elementor-widget elementor-widget-heading\" data-id=\"dcdbaf5\" data-element_type=\"widget\" data-e-type=\"widget\" data-widget_type=\"heading.default\">\n\t\t\t\t<div class=\"elementor-widget-container\">\n\t\t\t\t\t<h1 class=\"elementor-heading-title elementor-size-default\">Chambre Deluxe<\/h1>\t\t\t\t<\/div>\n\t\t\t\t<\/div>\n\t\t\t\t<div class=\"elementor-element elementor-element-1e534f9 elementor-widget elementor-widget-text-editor\" data-id=\"1e534f9\" data-element_type=\"widget\" data-e-type=\"widget\" data-widget_type=\"text-editor.default\">\n\t\t\t\t<div class=\"elementor-widget-container\">\n\t\t\t\t\t\t\t\t\t<p>Vue Mer<\/p>\t\t\t\t\t\t\t\t<\/div>\n\t\t\t\t<\/div>\n\t\t\t\t<\/div>\n\t\t\t\t\t<\/div>\n\t\t\t\t<\/div>\n\t\t<div class=\"elementor-element elementor-element-1a0ef2d e-flex e-con-boxed e-con e-parent\" data-id=\"1a0ef2d\" data-element_type=\"container\" data-e-type=\"container\">\n\t\t\t\t\t<div class=\"e-con-inner\">\n\t\t\t\t<div class=\"elementor-element elementor-element-51f2fae elementor-widget elementor-widget-text-editor\" data-id=\"51f2fae\" data-element_type=\"widget\" data-e-type=\"widget\" data-widget_type=\"text-editor.default\">\n\t\t\t\t<div class=\"elementor-widget-container\">\n\t\t\t\t\t\t\t\t\t<p>D\u00e9couvrez le charme incomparable de notre <strong>Chambre Deluxe Vue Mer \u00e0 Nosy Be<\/strong>, un v\u00e9ritable havre de paix offrant une vue imprenable sur l&rsquo;oc\u00e9an. Chaque d\u00e9tail a \u00e9t\u00e9 pens\u00e9 pour assurer votre confort dans une ambiance chaleureuse et authentique. Profitez d&rsquo;un balcon privatif, d&rsquo;un service en chambre exceptionnel et d&rsquo;une multitude de commodit\u00e9s haut de gamme. Parfait pour ceux qui cherchent \u00e0 s&rsquo;immerger dans le luxe tout en restant connect\u00e9s avec la beaut\u00e9 naturelle de Madagascar.<\/p>\t\t\t\t\t\t\t\t<\/div>\n\t\t\t\t<\/div>\n\t\t\t\t\t<\/div>\n\t\t\t\t<\/div>\n\t\t<div class=\"elementor-element elementor-element-c4f787f animated-slow e-flex e-con-boxed elementor-invisible e-con e-parent\" data-id=\"c4f787f\" data-element_type=\"container\" data-e-type=\"container\" data-settings=\"{&quot;animation&quot;:&quot;fadeIn&quot;}\">\n\t\t\t\t\t<div class=\"e-con-inner\">\n\t\t\t\t<div class=\"elementor-element elementor-element-32f8a7d elementor-widget__width-inherit elementor-widget elementor-widget-image\" data-id=\"32f8a7d\" data-element_type=\"widget\" data-e-type=\"widget\" data-widget_type=\"image.default\">\n\t\t\t\t<div class=\"elementor-widget-container\">\n\t\t\t\t\t\t\t\t\t\t\t\t\t\t\t<img fetchpriority=\"high\" decoding=\"async\" width=\"768\" height=\"1024\" src=\"https:\/\/ylangdivecenter.com\/wp-content\/uploads\/2024\/06\/IMG_1405-768x1024.webp\" class=\"attachment-large size-large wp-image-2558\" alt=\"\" \/>\t\t\t\t\t\t\t\t\t\t\t\t\t\t\t<\/div>\n\t\t\t\t<\/div>\n\t\t<div class=\"elementor-element elementor-element-9d3c5cd e-con-full yl-bg-grunge e-flex elementor-invisible e-con e-child\" data-id=\"9d3c5cd\" data-element_type=\"container\" data-e-type=\"container\" data-settings=\"{&quot;background_background&quot;:&quot;classic&quot;,&quot;motion_fx_motion_fx_scrolling&quot;:&quot;yes&quot;,&quot;motion_fx_translateY_effect&quot;:&quot;yes&quot;,&quot;motion_fx_translateY_speed&quot;:{&quot;unit&quot;:&quot;px&quot;,&quot;size&quot;:2,&quot;sizes&quot;:[]},&quot;animation&quot;:&quot;fadeIn&quot;,&quot;position&quot;:&quot;absolute&quot;,&quot;motion_fx_translateY_affectedRange&quot;:{&quot;unit&quot;:&quot;%&quot;,&quot;size&quot;:&quot;&quot;,&quot;sizes&quot;:{&quot;start&quot;:0,&quot;end&quot;:100}},&quot;motion_fx_devices&quot;:[&quot;desktop&quot;,&quot;tablet&quot;,&quot;mobile&quot;]}\">\n\t\t\t\t<div class=\"elementor-element elementor-element-2c964c9 elementor-widget elementor-widget-text-editor\" data-id=\"2c964c9\" data-element_type=\"widget\" data-e-type=\"widget\" data-widget_type=\"text-editor.default\">\n\t\t\t\t<div class=\"elementor-widget-container\">\n\t\t\t\t\t\t\t\t\t<p>Nichez-vous dans l&rsquo;\u00e9l\u00e9gance de la Chambre Deluxe de <strong>la Boutique-H\u00f4tel Maison Ylang \u00e0 Nosy Be<\/strong>, une invitation au luxe paisible avec une vue \u00e0 couper le souffle sur l&rsquo;oc\u00e9an. Cette oasis de 35m\u00b2, exclusivement non-fumeur, est \u00e9quip\u00e9e pour r\u00e9pondre \u00e0 toutes vos attentes, avec un service en chambre impeccable, Internet, TV par c\u00e2ble\/satellite, et un balcon priv\u00e9 pour savourer la brise marine. Chaque matin, r\u00e9veillez-vous face \u00e0 la plage, dans un lit douillet, entour\u00e9 de linge de maison et serviettes haut de gamme, profitant de l&rsquo;air conditionn\u00e9, d&rsquo;une piscine rafra\u00eechissante, de mobilier ext\u00e9rieur pour se d\u00e9tendre, d&rsquo;un coffre-fort pour vos biens les plus pr\u00e9cieux, et d&rsquo;une salle de bain \u00e9quip\u00e9e d&rsquo;une douche et WC individuel. Un minibar compl\u00e8te l&rsquo;ensemble, assurant un s\u00e9jour de d\u00e9tente et de confort absolu.<\/p>\t\t\t\t\t\t\t\t<\/div>\n\t\t\t\t<\/div>\n\t\t\t\t<\/div>\n\t\t\t\t\t<\/div>\n\t\t\t\t<\/div>\n\t\t<div class=\"elementor-element elementor-element-49dd1ca animated-slow e-flex e-con-boxed elementor-invisible e-con e-parent\" data-id=\"49dd1ca\" data-element_type=\"container\" data-e-type=\"container\" data-settings=\"{&quot;animation&quot;:&quot;fadeIn&quot;}\">\n\t\t\t\t\t<div class=\"e-con-inner\">\n\t\t\t\t<div class=\"elementor-element elementor-element-8b708ee elementor-widget__width-inherit elementor-widget elementor-widget-image\" data-id=\"8b708ee\" data-element_type=\"widget\" data-e-type=\"widget\" data-widget_type=\"image.default\">\n\t\t\t\t<div class=\"elementor-widget-container\">\n\t\t\t\t\t\t\t\t\t\t\t\t\t\t\t<img decoding=\"async\" width=\"1024\" height=\"768\" src=\"https:\/\/ylangdivecenter.com\/wp-content\/uploads\/2024\/05\/IMG_0948-1024x768.jpg\" class=\"attachment-large size-large wp-image-2166\" alt=\"\" srcset=\"https:\/\/ylangdivecenter.com\/wp-content\/uploads\/2024\/05\/IMG_0948-1024x768.jpg 1024w, https:\/\/ylangdivecenter.com\/wp-content\/uploads\/2024\/05\/IMG_0948-300x225.jpg 300w, https:\/\/ylangdivecenter.com\/wp-content\/uploads\/2024\/05\/IMG_0948-768x576.jpg 768w, https:\/\/ylangdivecenter.com\/wp-content\/uploads\/2024\/05\/IMG_0948-1536x1152.jpg 1536w, https:\/\/ylangdivecenter.com\/wp-content\/uploads\/2024\/05\/IMG_0948-2048x1536.jpg 2048w\" sizes=\"(max-width: 1024px) 100vw, 1024px\" \/>\t\t\t\t\t\t\t\t\t\t\t\t\t\t\t<\/div>\n\t\t\t\t<\/div>\n\t\t<div class=\"elementor-element elementor-element-a64c1ac e-con-full yl-bg-grunge e-flex elementor-invisible e-con e-child\" data-id=\"a64c1ac\" data-element_type=\"container\" data-e-type=\"container\" data-settings=\"{&quot;background_background&quot;:&quot;classic&quot;,&quot;motion_fx_motion_fx_scrolling&quot;:&quot;yes&quot;,&quot;motion_fx_translateY_effect&quot;:&quot;yes&quot;,&quot;motion_fx_translateY_speed&quot;:{&quot;unit&quot;:&quot;px&quot;,&quot;size&quot;:2,&quot;sizes&quot;:[]},&quot;animation&quot;:&quot;fadeIn&quot;,&quot;position&quot;:&quot;absolute&quot;,&quot;motion_fx_translateY_affectedRange&quot;:{&quot;unit&quot;:&quot;%&quot;,&quot;size&quot;:&quot;&quot;,&quot;sizes&quot;:{&quot;start&quot;:0,&quot;end&quot;:100}},&quot;motion_fx_devices&quot;:[&quot;desktop&quot;,&quot;tablet&quot;,&quot;mobile&quot;]}\">\n\t\t\t\t<div class=\"elementor-element elementor-element-cb582c5 elementor-widget elementor-widget-text-editor\" data-id=\"cb582c5\" data-element_type=\"widget\" data-e-type=\"widget\" data-widget_type=\"text-editor.default\">\n\t\t\t\t<div class=\"elementor-widget-container\">\n\t\t\t\t\t\t\t\t\t<p>L&rsquo;aventure vous attend au-del\u00e0 des portes de votre chambre. <strong>La boutique-h\u00f4tel situ\u00e9e sur l\u2019\u00eele de Nosy Be \u00e0 Madagascar<\/strong>, est votre porte d&rsquo;entr\u00e9e vers des exp\u00e9riences inoubliables. Le Ylang Dive Center, affili\u00e9 \u00e0 la boutique-h\u00f4tel, vous propose <strong>des plong\u00e9es spectaculaires dans les eaux cristallines de Madagascar<\/strong>, id\u00e9ales pour les d\u00e9butants comme pour les plongeurs aguerris. Explorez les fonds marins diversifi\u00e9s, nagez parmi les r\u00e9cifs coralliens color\u00e9s et d\u00e9couvrez des \u00e9paves myst\u00e9rieuses sous-marines.<\/p>\t\t\t\t\t\t\t\t<\/div>\n\t\t\t\t<\/div>\n\t\t\t\t<\/div>\n\t\t\t\t\t<\/div>\n\t\t\t\t<\/div>\n\t\t<div class=\"elementor-element elementor-element-0665760 e-flex e-con-boxed e-con e-parent\" data-id=\"0665760\" data-element_type=\"container\" data-e-type=\"container\">\n\t\t\t\t\t<div class=\"e-con-inner\">\n\t\t\t\t<div class=\"elementor-element elementor-element-8a1607c elementor-widget elementor-widget-text-editor\" data-id=\"8a1607c\" data-element_type=\"widget\" data-e-type=\"widget\" data-widget_type=\"text-editor.default\">\n\t\t\t\t<div class=\"elementor-widget-container\">\n\t\t\t\t\t\t\t\t\t<p>Mais Nosy Be n&rsquo;est pas seulement synonyme de plong\u00e9e; c&rsquo;est une invitation \u00e0 l&rsquo;aventure. Balades dans les march\u00e9s locaux, randonn\u00e9es dans les r\u00e9serves naturelles, et excursions vers les \u00eeles voisines, chaque activit\u00e9 vous plonge dans la richesse culturelle et naturelle de l&rsquo;\u00eele. La Boutique-H\u00f4tel Maison Ylang est ainsi plus qu&rsquo;un simple s\u00e9jour; c&rsquo;est une exp\u00e9rience enrichissante qui marie le confort de nos chambres Deluxe avec la beaut\u00e9 sauvage et pr\u00e9serv\u00e9e de Nosy Be.<\/p>\t\t\t\t\t\t\t\t<\/div>\n\t\t\t\t<\/div>\n\t\t\t\t<div class=\"elementor-element elementor-element-f701d7d elementor-align-center arrowed elementor-widget elementor-widget-button\" data-id=\"f701d7d\" data-element_type=\"widget\" data-e-type=\"widget\" data-widget_type=\"button.default\">\n\t\t\t\t<div class=\"elementor-widget-container\">\n\t\t\t\t\t\t\t\t\t<div class=\"elementor-button-wrapper\">\n\t\t\t\t\t<a class=\"elementor-button elementor-button-link elementor-size-sm\" href=\"https:\/\/us2.cloudbeds.com\/reservation\/26bnGT\" target=\"_blank\">\n\t\t\t\t\t\t<span class=\"elementor-button-content-wrapper\">\n\t\t\t\t\t\t<span class=\"elementor-button-icon\">\n\t\t\t\t<svg xmlns=\"http:\/\/www.w3.org\/2000\/svg\" xmlns:xlink=\"http:\/\/www.w3.org\/1999\/xlink\" xmlns:serif=\"http:\/\/www.serif.com\/\" width=\"100%\" height=\"100%\" viewBox=\"0 0 64 24\" xml:space=\"preserve\" style=\"fill-rule:evenodd;clip-rule:evenodd;\"><g id=\"Groupe_3\"><path id=\"Ligne_3\" d=\"M0.671,11.914l60.658,0\" style=\"fill:none;fill-rule:nonzero;stroke:currentColor;stroke-width:2.98px;\"><\/path><path id=\"Trac&#xE9;_4\" d=\"M52.744,1.103l8.585,10.811l-8.585,10.239\" style=\"fill:none;fill-rule:nonzero;stroke:currentColor;stroke-width:2.98px;\"><\/path><\/g><\/svg>\t\t\t<\/span>\n\t\t\t\t\t\t\t\t\t<span class=\"elementor-button-text\">R\u00e9server<\/span>\n\t\t\t\t\t<\/span>\n\t\t\t\t\t<\/a>\n\t\t\t\t<\/div>\n\t\t\t\t\t\t\t\t<\/div>\n\t\t\t\t<\/div>\n\t\t\t\t\t<\/div>\n\t\t\t\t<\/div>\n\t\t\t\t<\/div>\n\t\t","protected":false},"excerpt":{"rendered":"<p>Chambre Deluxe Vue Mer D\u00e9couvrez le charme incomparable de notre Chambre Deluxe Vue Mer \u00e0 Nosy Be, un v\u00e9ritable havre de paix offrant une vue imprenable sur l&rsquo;oc\u00e9an. Chaque d\u00e9tail a \u00e9t\u00e9 pens\u00e9 pour assurer votre confort dans une ambiance chaleureuse et authentique. Profitez d&rsquo;un balcon privatif, d&rsquo;un service en chambre exceptionnel et d&rsquo;une multitude &hellip; <a href=\"https:\/\/ylangdivecenter.com\/en\/maison-ylang-hotel\/nos-chambres\/chambre-deluxe-vue-mer\/\">Continued<\/a><\/p>","protected":false},"author":2,"featured_media":0,"parent":29,"menu_order":0,"comment_status":"closed","ping_status":"closed","template":"","meta":{"footnotes":""},"class_list":["post-649","page","type-page","status-publish","hentry"],"yoast_head":"<!-- This site is optimized with the Yoast SEO plugin v27.4 - https:\/\/yoast.com\/product\/yoast-seo-wordpress\/ -->\n<title>Chambre - Deluxe (Vue Mer) - Maison Ylang<\/title>\n<meta name=\"robots\" content=\"index, follow, max-snippet:-1, max-image-preview:large, max-video-preview:-1\" \/>\n<link rel=\"canonical\" href=\"https:\/\/ylangdivecenter.com\/en\/maison-ylang-hotel\/nos-chambres\/chambre-deluxe-vue-mer\/\" \/>\n<meta property=\"og:locale\" content=\"en_US\" \/>\n<meta property=\"og:type\" content=\"article\" \/>\n<meta property=\"og:title\" content=\"Chambre - Deluxe (Vue Mer) - Maison Ylang\" \/>\n<meta property=\"og:description\" content=\"Chambre Deluxe Vue Mer D\u00e9couvrez le charme incomparable de notre Chambre Deluxe Vue Mer \u00e0 Nosy Be, un v\u00e9ritable havre de paix offrant une vue imprenable sur l&rsquo;oc\u00e9an. Chaque d\u00e9tail a \u00e9t\u00e9 pens\u00e9 pour assurer votre confort dans une ambiance chaleureuse et authentique. Profitez d&rsquo;un balcon privatif, d&rsquo;un service en chambre exceptionnel et d&rsquo;une multitude &hellip; Continued\" \/>\n<meta property=\"og:url\" content=\"https:\/\/ylangdivecenter.com\/en\/maison-ylang-hotel\/nos-chambres\/chambre-deluxe-vue-mer\/\" \/>\n<meta property=\"og:site_name\" content=\"Maison Ylang\" \/>\n<meta property=\"article:modified_time\" content=\"2025-02-08T06:13:05+00:00\" \/>\n<meta property=\"og:image\" content=\"https:\/\/ylangdivecenter.com\/wp-content\/uploads\/2024\/06\/IMG_1405-e1733142375767.webp\" \/>\n\t<meta property=\"og:image:width\" content=\"847\" \/>\n\t<meta property=\"og:image:height\" content=\"828\" \/>\n\t<meta property=\"og:image:type\" content=\"image\/webp\" \/>\n<meta name=\"twitter:card\" content=\"summary_large_image\" \/>\n<meta name=\"twitter:label1\" content=\"Est. reading time\" \/>\n\t<meta name=\"twitter:data1\" content=\"3 minutes\" \/>\n<script type=\"application\/ld+json\" class=\"yoast-schema-graph\">{\"@context\":\"https:\\\/\\\/schema.org\",\"@graph\":[{\"@type\":\"WebPage\",\"@id\":\"https:\\\/\\\/ylangdivecenter.com\\\/maison-ylang-hotel\\\/nos-chambres\\\/chambre-deluxe-vue-mer\\\/\",\"url\":\"https:\\\/\\\/ylangdivecenter.com\\\/maison-ylang-hotel\\\/nos-chambres\\\/chambre-deluxe-vue-mer\\\/\",\"name\":\"Chambre - Deluxe (Vue Mer) - Maison Ylang\",\"isPartOf\":{\"@id\":\"https:\\\/\\\/ylangdivecenter.com\\\/#website\"},\"primaryImageOfPage\":{\"@id\":\"https:\\\/\\\/ylangdivecenter.com\\\/maison-ylang-hotel\\\/nos-chambres\\\/chambre-deluxe-vue-mer\\\/#primaryimage\"},\"image\":{\"@id\":\"https:\\\/\\\/ylangdivecenter.com\\\/maison-ylang-hotel\\\/nos-chambres\\\/chambre-deluxe-vue-mer\\\/#primaryimage\"},\"thumbnailUrl\":\"https:\\\/\\\/ylangdivecenter.com\\\/wp-content\\\/uploads\\\/2024\\\/06\\\/IMG_1405-768x1024.webp\",\"datePublished\":\"2024-04-25T06:22:42+00:00\",\"dateModified\":\"2025-02-08T06:13:05+00:00\",\"breadcrumb\":{\"@id\":\"https:\\\/\\\/ylangdivecenter.com\\\/maison-ylang-hotel\\\/nos-chambres\\\/chambre-deluxe-vue-mer\\\/#breadcrumb\"},\"inLanguage\":\"en-US\",\"potentialAction\":[{\"@type\":\"ReadAction\",\"target\":[\"https:\\\/\\\/ylangdivecenter.com\\\/maison-ylang-hotel\\\/nos-chambres\\\/chambre-deluxe-vue-mer\\\/\"]}]},{\"@type\":\"ImageObject\",\"inLanguage\":\"en-US\",\"@id\":\"https:\\\/\\\/ylangdivecenter.com\\\/maison-ylang-hotel\\\/nos-chambres\\\/chambre-deluxe-vue-mer\\\/#primaryimage\",\"url\":\"https:\\\/\\\/ylangdivecenter.com\\\/wp-content\\\/uploads\\\/2024\\\/06\\\/IMG_1405-768x1024.webp\",\"contentUrl\":\"https:\\\/\\\/ylangdivecenter.com\\\/wp-content\\\/uploads\\\/2024\\\/06\\\/IMG_1405-768x1024.webp\"},{\"@type\":\"BreadcrumbList\",\"@id\":\"https:\\\/\\\/ylangdivecenter.com\\\/maison-ylang-hotel\\\/nos-chambres\\\/chambre-deluxe-vue-mer\\\/#breadcrumb\",\"itemListElement\":[{\"@type\":\"ListItem\",\"position\":1,\"name\":\"Home\",\"item\":\"https:\\\/\\\/ylangdivecenter.com\\\/\"},{\"@type\":\"ListItem\",\"position\":2,\"name\":\"Maison Ylang H\u00f4tel\",\"item\":\"https:\\\/\\\/ylangdivecenter.com\\\/maison-ylang-hotel\\\/\"},{\"@type\":\"ListItem\",\"position\":3,\"name\":\"Nos chambres\",\"item\":\"https:\\\/\\\/ylangdivecenter.com\\\/maison-ylang-hotel\\\/nos-chambres\\\/\"},{\"@type\":\"ListItem\",\"position\":4,\"name\":\"Chambre &#8211; Deluxe (Vue Mer)\"}]},{\"@type\":\"WebSite\",\"@id\":\"https:\\\/\\\/ylangdivecenter.com\\\/#website\",\"url\":\"https:\\\/\\\/ylangdivecenter.com\\\/\",\"name\":\"Maison Ylang\",\"description\":\"\",\"publisher\":{\"@id\":\"https:\\\/\\\/ylangdivecenter.com\\\/#organization\"},\"potentialAction\":[{\"@type\":\"SearchAction\",\"target\":{\"@type\":\"EntryPoint\",\"urlTemplate\":\"https:\\\/\\\/ylangdivecenter.com\\\/?s={search_term_string}\"},\"query-input\":{\"@type\":\"PropertyValueSpecification\",\"valueRequired\":true,\"valueName\":\"search_term_string\"}}],\"inLanguage\":\"en-US\"},{\"@type\":\"Organization\",\"@id\":\"https:\\\/\\\/ylangdivecenter.com\\\/#organization\",\"name\":\"Maison Ylang\",\"url\":\"https:\\\/\\\/ylangdivecenter.com\\\/\",\"logo\":{\"@type\":\"ImageObject\",\"inLanguage\":\"en-US\",\"@id\":\"https:\\\/\\\/ylangdivecenter.com\\\/#\\\/schema\\\/logo\\\/image\\\/\",\"url\":\"https:\\\/\\\/ylangdivecenter.com\\\/wp-content\\\/uploads\\\/2024\\\/04\\\/logo_circle.webp\",\"contentUrl\":\"https:\\\/\\\/ylangdivecenter.com\\\/wp-content\\\/uploads\\\/2024\\\/04\\\/logo_circle.webp\",\"width\":756,\"height\":756,\"caption\":\"Maison Ylang\"},\"image\":{\"@id\":\"https:\\\/\\\/ylangdivecenter.com\\\/#\\\/schema\\\/logo\\\/image\\\/\"}}]}<\/script>\n<!-- \/ Yoast SEO plugin. -->","yoast_head_json":{"title":"Chambre - Deluxe (Vue Mer) - Maison Ylang","robots":{"index":"index","follow":"follow","max-snippet":"max-snippet:-1","max-image-preview":"max-image-preview:large","max-video-preview":"max-video-preview:-1"},"canonical":"https:\/\/ylangdivecenter.com\/en\/maison-ylang-hotel\/nos-chambres\/chambre-deluxe-vue-mer\/","og_locale":"en_US","og_type":"article","og_title":"Chambre - Deluxe (Vue Mer) - Maison Ylang","og_description":"Chambre Deluxe Vue Mer D\u00e9couvrez le charme incomparable de notre Chambre Deluxe Vue Mer \u00e0 Nosy Be, un v\u00e9ritable havre de paix offrant une vue imprenable sur l&rsquo;oc\u00e9an. Chaque d\u00e9tail a \u00e9t\u00e9 pens\u00e9 pour assurer votre confort dans une ambiance chaleureuse et authentique. Profitez d&rsquo;un balcon privatif, d&rsquo;un service en chambre exceptionnel et d&rsquo;une multitude &hellip; Continued","og_url":"https:\/\/ylangdivecenter.com\/en\/maison-ylang-hotel\/nos-chambres\/chambre-deluxe-vue-mer\/","og_site_name":"Maison Ylang","article_modified_time":"2025-02-08T06:13:05+00:00","og_image":[{"width":847,"height":828,"url":"https:\/\/ylangdivecenter.com\/wp-content\/uploads\/2024\/06\/IMG_1405-e1733142375767.webp","type":"image\/webp"}],"twitter_card":"summary_large_image","twitter_misc":{"Est. reading time":"3 minutes"},"schema":{"@context":"https:\/\/schema.org","@graph":[{"@type":"WebPage","@id":"https:\/\/ylangdivecenter.com\/maison-ylang-hotel\/nos-chambres\/chambre-deluxe-vue-mer\/","url":"https:\/\/ylangdivecenter.com\/maison-ylang-hotel\/nos-chambres\/chambre-deluxe-vue-mer\/","name":"Chambre - Deluxe (Vue Mer) - Maison Ylang","isPartOf":{"@id":"https:\/\/ylangdivecenter.com\/#website"},"primaryImageOfPage":{"@id":"https:\/\/ylangdivecenter.com\/maison-ylang-hotel\/nos-chambres\/chambre-deluxe-vue-mer\/#primaryimage"},"image":{"@id":"https:\/\/ylangdivecenter.com\/maison-ylang-hotel\/nos-chambres\/chambre-deluxe-vue-mer\/#primaryimage"},"thumbnailUrl":"https:\/\/ylangdivecenter.com\/wp-content\/uploads\/2024\/06\/IMG_1405-768x1024.webp","datePublished":"2024-04-25T06:22:42+00:00","dateModified":"2025-02-08T06:13:05+00:00","breadcrumb":{"@id":"https:\/\/ylangdivecenter.com\/maison-ylang-hotel\/nos-chambres\/chambre-deluxe-vue-mer\/#breadcrumb"},"inLanguage":"en-US","potentialAction":[{"@type":"ReadAction","target":["https:\/\/ylangdivecenter.com\/maison-ylang-hotel\/nos-chambres\/chambre-deluxe-vue-mer\/"]}]},{"@type":"ImageObject","inLanguage":"en-US","@id":"https:\/\/ylangdivecenter.com\/maison-ylang-hotel\/nos-chambres\/chambre-deluxe-vue-mer\/#primaryimage","url":"https:\/\/ylangdivecenter.com\/wp-content\/uploads\/2024\/06\/IMG_1405-768x1024.webp","contentUrl":"https:\/\/ylangdivecenter.com\/wp-content\/uploads\/2024\/06\/IMG_1405-768x1024.webp"},{"@type":"BreadcrumbList","@id":"https:\/\/ylangdivecenter.com\/maison-ylang-hotel\/nos-chambres\/chambre-deluxe-vue-mer\/#breadcrumb","itemListElement":[{"@type":"ListItem","position":1,"name":"Home","item":"https:\/\/ylangdivecenter.com\/"},{"@type":"ListItem","position":2,"name":"Maison Ylang H\u00f4tel","item":"https:\/\/ylangdivecenter.com\/maison-ylang-hotel\/"},{"@type":"ListItem","position":3,"name":"Nos chambres","item":"https:\/\/ylangdivecenter.com\/maison-ylang-hotel\/nos-chambres\/"},{"@type":"ListItem","position":4,"name":"Chambre &#8211; Deluxe (Vue Mer)"}]},{"@type":"WebSite","@id":"https:\/\/ylangdivecenter.com\/#website","url":"https:\/\/ylangdivecenter.com\/","name":"Maison Ylang","description":"","publisher":{"@id":"https:\/\/ylangdivecenter.com\/#organization"},"potentialAction":[{"@type":"SearchAction","target":{"@type":"EntryPoint","urlTemplate":"https:\/\/ylangdivecenter.com\/?s={search_term_string}"},"query-input":{"@type":"PropertyValueSpecification","valueRequired":true,"valueName":"search_term_string"}}],"inLanguage":"en-US"},{"@type":"Organization","@id":"https:\/\/ylangdivecenter.com\/#organization","name":"Maison Ylang","url":"https:\/\/ylangdivecenter.com\/","logo":{"@type":"ImageObject","inLanguage":"en-US","@id":"https:\/\/ylangdivecenter.com\/#\/schema\/logo\/image\/","url":"https:\/\/ylangdivecenter.com\/wp-content\/uploads\/2024\/04\/logo_circle.webp","contentUrl":"https:\/\/ylangdivecenter.com\/wp-content\/uploads\/2024\/04\/logo_circle.webp","width":756,"height":756,"caption":"Maison Ylang"},"image":{"@id":"https:\/\/ylangdivecenter.com\/#\/schema\/logo\/image\/"}}]}},"_links":{"self":[{"href":"https:\/\/ylangdivecenter.com\/en\/wp-json\/wp\/v2\/pages\/649","targetHints":{"allow":["GET"]}}],"collection":[{"href":"https:\/\/ylangdivecenter.com\/en\/wp-json\/wp\/v2\/pages"}],"about":[{"href":"https:\/\/ylangdivecenter.com\/en\/wp-json\/wp\/v2\/types\/page"}],"author":[{"embeddable":true,"href":"https:\/\/ylangdivecenter.com\/en\/wp-json\/wp\/v2\/users\/2"}],"replies":[{"embeddable":true,"href":"https:\/\/ylangdivecenter.com\/en\/wp-json\/wp\/v2\/comments?post=649"}],"version-history":[{"count":5,"href":"https:\/\/ylangdivecenter.com\/en\/wp-json\/wp\/v2\/pages\/649\/revisions"}],"predecessor-version":[{"id":2948,"href":"https:\/\/ylangdivecenter.com\/en\/wp-json\/wp\/v2\/pages\/649\/revisions\/2948"}],"up":[{"embeddable":true,"href":"https:\/\/ylangdivecenter.com\/en\/wp-json\/wp\/v2\/pages\/29"}],"wp:attachment":[{"href":"https:\/\/ylangdivecenter.com\/en\/wp-json\/wp\/v2\/media?parent=649"}],"curies":[{"name":"wp","href":"https:\/\/api.w.org\/{rel}","templated":true}]}}