{"id":790,"date":"2024-04-25T12:36:48","date_gmt":"2024-04-25T10:36:48","guid":{"rendered":"https:\/\/staging.ylangdivecenter.com\/?page_id=790"},"modified":"2024-07-22T10:49:17","modified_gmt":"2024-07-22T08:49:17","slug":"notre-lounge","status":"publish","type":"page","link":"https:\/\/ylangdivecenter.com\/en\/maison-ylang-hotel\/notre-lounge\/","title":{"rendered":"Our lounge"},"content":{"rendered":"\t\t<div data-elementor-type=\"wp-page\" data-elementor-id=\"790\" class=\"elementor elementor-790\" data-elementor-post-type=\"page\">\n\t\t\t\t<div class=\"elementor-element elementor-element-a666f09 e-flex e-con-boxed e-con e-parent\" data-id=\"a666f09\" data-element_type=\"container\" data-e-type=\"container\" data-settings=\"{&quot;background_background&quot;:&quot;classic&quot;,&quot;background_motion_fx_motion_fx_scrolling&quot;:&quot;yes&quot;,&quot;background_motion_fx_translateY_effect&quot;:&quot;yes&quot;,&quot;background_motion_fx_translateY_speed&quot;:{&quot;unit&quot;:&quot;px&quot;,&quot;size&quot;:4,&quot;sizes&quot;:[]},&quot;background_motion_fx_translateY_affectedRange&quot;:{&quot;unit&quot;:&quot;%&quot;,&quot;size&quot;:&quot;&quot;,&quot;sizes&quot;:{&quot;start&quot;:0,&quot;end&quot;:100}},&quot;background_motion_fx_devices&quot;:[&quot;desktop&quot;,&quot;tablet&quot;,&quot;mobile&quot;]}\">\n\t\t\t\t\t<div class=\"e-con-inner\">\n\t\t<div class=\"elementor-element elementor-element-69d5316 e-con-full yl-bg-grunge wave e-flex e-con e-child\" data-id=\"69d5316\" data-element_type=\"container\" data-e-type=\"container\" data-settings=\"{&quot;background_background&quot;:&quot;classic&quot;,&quot;position&quot;:&quot;absolute&quot;}\">\n\t\t\t\t<div class=\"elementor-element elementor-element-f79f567 elementor-widget elementor-widget-heading\" data-id=\"f79f567\" data-element_type=\"widget\" data-e-type=\"widget\" data-widget_type=\"heading.default\">\n\t\t\t\t<div class=\"elementor-widget-container\">\n\t\t\t\t\t<h1 class=\"elementor-heading-title elementor-size-default\">Gastronomie &amp; bar lounge<\/h1>\t\t\t\t<\/div>\n\t\t\t\t<\/div>\n\t\t\t\t<\/div>\n\t\t\t\t\t<\/div>\n\t\t\t\t<\/div>\n\t\t<div class=\"elementor-element elementor-element-dbcd447 e-grid e-con-boxed e-con e-parent\" data-id=\"dbcd447\" data-element_type=\"container\" data-e-type=\"container\">\n\t\t\t\t\t<div class=\"e-con-inner\">\n\t\t<a class=\"elementor-element elementor-element-6a48be7 e-con-full e-flex elementor-invisible e-con e-child\" data-id=\"6a48be7\" data-element_type=\"container\" data-e-type=\"container\" data-settings=\"{&quot;background_background&quot;:&quot;slideshow&quot;,&quot;background_slideshow_slide_duration&quot;:3000,&quot;background_slideshow_slide_transition&quot;:&quot;slide_left&quot;,&quot;background_slideshow_ken_burns&quot;:&quot;yes&quot;,&quot;background_slideshow_gallery&quot;:[{&quot;id&quot;:2503,&quot;url&quot;:&quot;https:\\\/\\\/ylangdivecenter.com\\\/wp-content\\\/uploads\\\/2024\\\/06\\\/IMG_0842.webp&quot;},{&quot;id&quot;:2505,&quot;url&quot;:&quot;https:\\\/\\\/ylangdivecenter.com\\\/wp-content\\\/uploads\\\/2024\\\/06\\\/IMG_8443.webp&quot;},{&quot;id&quot;:2504,&quot;url&quot;:&quot;https:\\\/\\\/ylangdivecenter.com\\\/wp-content\\\/uploads\\\/2024\\\/06\\\/IMG_1442-1.webp&quot;},{&quot;id&quot;:2506,&quot;url&quot;:&quot;https:\\\/\\\/ylangdivecenter.com\\\/wp-content\\\/uploads\\\/2024\\\/06\\\/STORY-21-AOUT.webp&quot;}],&quot;animation&quot;:&quot;fadeIn&quot;,&quot;animation_delay&quot;:400,&quot;background_slideshow_loop&quot;:&quot;yes&quot;,&quot;background_slideshow_transition_duration&quot;:500,&quot;background_slideshow_ken_burns_zoom_direction&quot;:&quot;in&quot;}\" href=\"#\">\n\t\t\t\t<\/a>\n\t\t<div class=\"elementor-element elementor-element-2b35f13 e-con-full e-flex e-con e-child\" data-id=\"2b35f13\" data-element_type=\"container\" data-e-type=\"container\">\n\t\t<div class=\"elementor-element elementor-element-bc3621f e-con-full e-flex e-con e-child\" data-id=\"bc3621f\" data-element_type=\"container\" data-e-type=\"container\">\n\t\t\t\t<div class=\"elementor-element elementor-element-ea65daf elementor-invisible elementor-widget elementor-widget-heading\" data-id=\"ea65daf\" data-element_type=\"widget\" data-e-type=\"widget\" data-settings=\"{&quot;_animation&quot;:&quot;fadeInRight&quot;}\" data-widget_type=\"heading.default\">\n\t\t\t\t<div class=\"elementor-widget-container\">\n\t\t\t\t\t<h2 class=\"elementor-heading-title elementor-size-default\">Notre cuisine<\/h2>\t\t\t\t<\/div>\n\t\t\t\t<\/div>\n\t\t\t\t<div class=\"elementor-element elementor-element-5a42601 elementor-invisible elementor-widget elementor-widget-text-editor\" data-id=\"5a42601\" data-element_type=\"widget\" data-e-type=\"widget\" data-settings=\"{&quot;_animation&quot;:&quot;fadeInRight&quot;}\" data-widget_type=\"text-editor.default\">\n\t\t\t\t<div class=\"elementor-widget-container\">\n\t\t\t\t\t\t\t\t\t<p>\u00c0 Maison Ylang, nous privil\u00e9gions une exp\u00e9rience gastronomique authentique. Notre restaurant se distingue par son menu du soir exclusif, mettant en valeur les produits frais de saison et la p\u00eache locale. Nous nous approvisionnons directement aupr\u00e8s des p\u00eacheurs, qui nous fournissent leurs prises depuis leurs pirogues. Le tazard, poisson local, r\u00e9v\u00e8le un m\u00e9lange unique de saveurs, entre le thon et le barracuda.<\/p>\t\t\t\t\t\t\t\t<\/div>\n\t\t\t\t<\/div>\n\t\t\t\t<div class=\"elementor-element elementor-element-fbdaa69 yl-expandable elementor-invisible elementor-widget elementor-widget-n-accordion\" data-id=\"fbdaa69\" data-element_type=\"widget\" data-e-type=\"widget\" data-settings=\"{&quot;default_state&quot;:&quot;all_collapsed&quot;,&quot;_animation&quot;:&quot;fadeInLeft&quot;,&quot;max_items_expended&quot;:&quot;one&quot;,&quot;n_accordion_animation_duration&quot;:{&quot;unit&quot;:&quot;ms&quot;,&quot;size&quot;:400,&quot;sizes&quot;:[]}}\" data-widget_type=\"nested-accordion.default\">\n\t\t\t\t<div class=\"elementor-widget-container\">\n\t\t\t\t\t\t\t<div class=\"e-n-accordion\" aria-label=\"Accordion. Open links with Enter or Space, close with Escape, and navigate with Arrow Keys\">\n\t\t\t\t\t\t<details id=\"e-n-accordion-item-2640\" class=\"e-n-accordion-item\" >\n\t\t\t\t<summary class=\"e-n-accordion-item-title\" data-accordion-index=\"1\" tabindex=\"0\" aria-expanded=\"false\" aria-controls=\"e-n-accordion-item-2640\" >\n\t\t\t\t\t<span class='e-n-accordion-item-title-header'><div class=\"e-n-accordion-item-title-text\"> En savoir plus... <\/div><\/span>\n\t\t\t\t\t\t\t\t\t<\/summary>\n\t\t\t\t<div role=\"region\" aria-labelledby=\"e-n-accordion-item-2640\" class=\"elementor-element elementor-element-6764a98 e-con-full e-flex e-con e-child\" data-id=\"6764a98\" data-element_type=\"container\" data-e-type=\"container\">\n\t\t\t\t<div class=\"elementor-element elementor-element-592b859 elementor-invisible elementor-widget elementor-widget-text-editor\" data-id=\"592b859\" data-element_type=\"widget\" data-e-type=\"widget\" data-settings=\"{&quot;_animation&quot;:&quot;fadeInRight&quot;}\" data-widget_type=\"text-editor.default\">\n\t\t\t\t<div class=\"elementor-widget-container\">\n\t\t\t\t\t\t\t\t\t<p>Au-del\u00e0 de notre cuisine raffin\u00e9e, Maison Ylang offre un cadre incomparable pour admirer un coucher de soleil spectaculaire. Imaginez-vous en train de savourer votre repas sous les derniers rayons du soleil, cr\u00e9ant une atmosph\u00e8re magique et romantique. Cette vue \u00e9poustouflante sur l&rsquo;horizon vous laissera des souvenirs imp\u00e9rissables de votre s\u00e9jour \u00e0 Nosy Be.<\/p>\t\t\t\t\t\t\t\t<\/div>\n\t\t\t\t<\/div>\n\t\t\t\t<\/div>\n\t\t\t\t\t<\/details>\n\t\t\t\t\t<\/div>\n\t\t\t\t\t\t<\/div>\n\t\t\t\t<\/div>\n\t\t\t\t<div class=\"elementor-element elementor-element-dd952ee elementor-widget__width-initial elementor-absolute elementor-widget elementor-widget-image\" data-id=\"dd952ee\" data-element_type=\"widget\" data-e-type=\"widget\" data-settings=\"{&quot;_position&quot;:&quot;absolute&quot;,&quot;motion_fx_motion_fx_scrolling&quot;:&quot;yes&quot;,&quot;motion_fx_translateY_effect&quot;:&quot;yes&quot;,&quot;motion_fx_translateY_speed&quot;:{&quot;unit&quot;:&quot;px&quot;,&quot;size&quot;:1.5,&quot;sizes&quot;:[]},&quot;motion_fx_rotateZ_effect&quot;:&quot;yes&quot;,&quot;motion_fx_rotateZ_speed&quot;:{&quot;unit&quot;:&quot;px&quot;,&quot;size&quot;:0.25,&quot;sizes&quot;:[]},&quot;motion_fx_translateY_affectedRange&quot;:{&quot;unit&quot;:&quot;%&quot;,&quot;size&quot;:&quot;&quot;,&quot;sizes&quot;:{&quot;start&quot;:0,&quot;end&quot;:100}},&quot;motion_fx_rotateZ_affectedRange&quot;:{&quot;unit&quot;:&quot;%&quot;,&quot;size&quot;:&quot;&quot;,&quot;sizes&quot;:{&quot;start&quot;:0,&quot;end&quot;:100}},&quot;motion_fx_devices&quot;:[&quot;desktop&quot;,&quot;tablet&quot;,&quot;mobile&quot;]}\" data-widget_type=\"image.default\">\n\t\t\t\t<div class=\"elementor-widget-container\">\n\t\t\t\t\t\t\t\t\t\t\t\t\t\t\t<img decoding=\"async\" width=\"100\" height=\"100\" src=\"https:\/\/ylangdivecenter.com\/wp-content\/uploads\/2024\/04\/graphic_03.svg\" class=\"attachment-large size-large wp-image-750\" alt=\"\" \/>\t\t\t\t\t\t\t\t\t\t\t\t\t\t\t<\/div>\n\t\t\t\t<\/div>\n\t\t\t\t<\/div>\n\t\t\t\t<div class=\"elementor-element elementor-element-6b23d3d elementor-align-justify elementor-invisible elementor-widget elementor-widget-button\" data-id=\"6b23d3d\" data-element_type=\"widget\" data-e-type=\"widget\" data-settings=\"{&quot;_animation&quot;:&quot;fadeInUp&quot;}\" data-widget_type=\"button.default\">\n\t\t\t\t<div class=\"elementor-widget-container\">\n\t\t\t\t\t\t\t\t\t<div class=\"elementor-button-wrapper\">\n\t\t\t\t\t<a class=\"elementor-button elementor-button-link elementor-size-sm\" href=\"https:\/\/ylangdivecenter.com\/en\/notre-menu\/\">\n\t\t\t\t\t\t<span class=\"elementor-button-content-wrapper\">\n\t\t\t\t\t\t\t\t\t<span class=\"elementor-button-text\">Voir notre menu<\/span>\n\t\t\t\t\t<\/span>\n\t\t\t\t\t<\/a>\n\t\t\t\t<\/div>\n\t\t\t\t\t\t\t\t<\/div>\n\t\t\t\t<\/div>\n\t\t\t\t<\/div>\n\t\t\t\t\t<\/div>\n\t\t\t\t<\/div>\n\t\t<div class=\"elementor-element elementor-element-05ad071 animated-slow e-flex e-con-boxed elementor-invisible e-con e-parent\" data-id=\"05ad071\" data-element_type=\"container\" data-e-type=\"container\" data-settings=\"{&quot;animation&quot;:&quot;fadeIn&quot;}\">\n\t\t\t\t\t<div class=\"e-con-inner\">\n\t\t\t\t<div class=\"elementor-element elementor-element-30329da elementor-widget__width-inherit elementor-widget elementor-widget-image\" data-id=\"30329da\" data-element_type=\"widget\" data-e-type=\"widget\" data-widget_type=\"image.default\">\n\t\t\t\t<div class=\"elementor-widget-container\">\n\t\t\t\t\t\t\t\t\t\t\t\t\t\t\t<img fetchpriority=\"high\" decoding=\"async\" width=\"807\" height=\"605\" src=\"https:\/\/ylangdivecenter.com\/wp-content\/uploads\/2024\/06\/IMG_0845.webp\" class=\"attachment-large size-large wp-image-2507\" alt=\"\" srcset=\"https:\/\/ylangdivecenter.com\/wp-content\/uploads\/2024\/06\/IMG_0845.webp 807w, https:\/\/ylangdivecenter.com\/wp-content\/uploads\/2024\/06\/IMG_0845-300x225.webp 300w, https:\/\/ylangdivecenter.com\/wp-content\/uploads\/2024\/06\/IMG_0845-768x576.webp 768w, https:\/\/ylangdivecenter.com\/wp-content\/uploads\/2024\/06\/IMG_0845-16x12.webp 16w\" sizes=\"(max-width: 807px) 100vw, 807px\" \/>\t\t\t\t\t\t\t\t\t\t\t\t\t\t\t<\/div>\n\t\t\t\t<\/div>\n\t\t<div class=\"elementor-element elementor-element-ce12e9f e-con-full yl-bg-grunge elementor-hidden-mobile e-flex elementor-invisible e-con e-child\" data-id=\"ce12e9f\" data-element_type=\"container\" data-e-type=\"container\" data-settings=\"{&quot;background_background&quot;:&quot;classic&quot;,&quot;motion_fx_motion_fx_scrolling&quot;:&quot;yes&quot;,&quot;motion_fx_translateY_effect&quot;:&quot;yes&quot;,&quot;motion_fx_translateY_speed&quot;:{&quot;unit&quot;:&quot;px&quot;,&quot;size&quot;:2,&quot;sizes&quot;:[]},&quot;animation&quot;:&quot;fadeIn&quot;,&quot;position&quot;:&quot;absolute&quot;,&quot;motion_fx_translateY_affectedRange&quot;:{&quot;unit&quot;:&quot;%&quot;,&quot;size&quot;:&quot;&quot;,&quot;sizes&quot;:{&quot;start&quot;:0,&quot;end&quot;:100}},&quot;motion_fx_devices&quot;:[&quot;desktop&quot;,&quot;tablet&quot;,&quot;mobile&quot;]}\">\n\t\t\t\t<div class=\"elementor-element elementor-element-61ec713 elementor-widget elementor-widget-heading\" data-id=\"61ec713\" data-element_type=\"widget\" data-e-type=\"widget\" data-widget_type=\"heading.default\">\n\t\t\t\t<div class=\"elementor-widget-container\">\n\t\t\t\t\t<h3 class=\"elementor-heading-title elementor-size-default\">Bar lounge et cocktails\u200b<\/h3>\t\t\t\t<\/div>\n\t\t\t\t<\/div>\n\t\t\t\t<div class=\"elementor-element elementor-element-3d67192 elementor-widget elementor-widget-text-editor\" data-id=\"3d67192\" data-element_type=\"widget\" data-e-type=\"widget\" data-widget_type=\"text-editor.default\">\n\t\t\t\t<div class=\"elementor-widget-container\">\n\t\t\t\t\t\t\t\t\t<p>Pour prolonger cette exp\u00e9rience sensorielle, notre bar lounge propose une s\u00e9lection exquise de cocktails artisanaux. Laissez-vous transporter par l&rsquo;ambiance d\u00e9tendue et sophistiqu\u00e9e, tandis que vous d\u00e9gustez votre boisson pr\u00e9f\u00e9r\u00e9e et profitez de la musique s\u00e9lectionn\u00e9e avec soin.<\/p>\t\t\t\t\t\t\t\t<\/div>\n\t\t\t\t<\/div>\n\t\t\t\t<\/div>\n\t\t<div class=\"elementor-element elementor-element-eaa3a59 e-con-full yl-bg-grunge elementor-hidden-desktop elementor-hidden-tablet e-flex elementor-invisible e-con e-child\" data-id=\"eaa3a59\" data-element_type=\"container\" data-e-type=\"container\" data-settings=\"{&quot;background_background&quot;:&quot;classic&quot;,&quot;animation&quot;:&quot;fadeIn&quot;}\">\n\t\t\t\t<div class=\"elementor-element elementor-element-e1d3757 elementor-widget elementor-widget-heading\" data-id=\"e1d3757\" data-element_type=\"widget\" data-e-type=\"widget\" data-widget_type=\"heading.default\">\n\t\t\t\t<div class=\"elementor-widget-container\">\n\t\t\t\t\t<h3 class=\"elementor-heading-title elementor-size-default\">Bar lounge et cocktails\u200b<\/h3>\t\t\t\t<\/div>\n\t\t\t\t<\/div>\n\t\t\t\t<div class=\"elementor-element elementor-element-47667e9 elementor-widget elementor-widget-text-editor\" data-id=\"47667e9\" data-element_type=\"widget\" data-e-type=\"widget\" data-widget_type=\"text-editor.default\">\n\t\t\t\t<div class=\"elementor-widget-container\">\n\t\t\t\t\t\t\t\t\t<p>Pour prolonger cette exp\u00e9rience sensorielle, notre bar lounge propose une s\u00e9lection exquise de cocktails artisanaux. Laissez-vous transporter par l&rsquo;ambiance d\u00e9tendue et sophistiqu\u00e9e, tandis que vous d\u00e9gustez votre boisson pr\u00e9f\u00e9r\u00e9e et profitez de la musique s\u00e9lectionn\u00e9e avec soin.<\/p>\t\t\t\t\t\t\t\t<\/div>\n\t\t\t\t<\/div>\n\t\t\t\t<\/div>\n\t\t\t\t\t<\/div>\n\t\t\t\t<\/div>\n\t\t\t\t<\/div>\n\t\t","protected":false},"excerpt":{"rendered":"<p>Gastronomie &#038; bar lounge Notre cuisine \u00c0 Maison Ylang, nous privil\u00e9gions une exp\u00e9rience gastronomique authentique. Notre restaurant se distingue par son menu du soir exclusif, mettant en valeur les produits frais de saison et la p\u00eache locale. Nous nous approvisionnons directement aupr\u00e8s des p\u00eacheurs, qui nous fournissent leurs prises depuis leurs pirogues. Le tazard, poisson &hellip; <a href=\"https:\/\/ylangdivecenter.com\/en\/maison-ylang-hotel\/notre-lounge\/\">Continued<\/a><\/p>","protected":false},"author":2,"featured_media":0,"parent":23,"menu_order":0,"comment_status":"closed","ping_status":"closed","template":"","meta":{"footnotes":""},"class_list":["post-790","page","type-page","status-publish","hentry"],"yoast_head":"<!-- This site is optimized with the Yoast SEO plugin v27.4 - https:\/\/yoast.com\/product\/yoast-seo-wordpress\/ -->\n<title>Le Lounge de Maison Ylang | D\u00e9tente et Cocktails \u00e0 Nosy Be<\/title>\n<meta name=\"description\" content=\"D\u00e9tendez-vous au Lounge de Maison Ylang \u00e0 Nosy Be. Profitez de cocktails exquis, d&#039;une ambiance relaxante et de la meilleure musique.\" \/>\n<meta name=\"robots\" content=\"index, follow, max-snippet:-1, max-image-preview:large, max-video-preview:-1\" \/>\n<link rel=\"canonical\" href=\"https:\/\/ylangdivecenter.com\/en\/maison-ylang-hotel\/notre-lounge\/\" \/>\n<meta property=\"og:locale\" content=\"en_US\" \/>\n<meta property=\"og:type\" content=\"article\" \/>\n<meta property=\"og:title\" content=\"Le Lounge de Maison Ylang | D\u00e9tente et Cocktails \u00e0 Nosy Be\" \/>\n<meta property=\"og:description\" content=\"D\u00e9tendez-vous au Lounge de Maison Ylang \u00e0 Nosy Be. Profitez de cocktails exquis, d&#039;une ambiance relaxante et de la meilleure musique.\" \/>\n<meta property=\"og:url\" content=\"https:\/\/ylangdivecenter.com\/en\/maison-ylang-hotel\/notre-lounge\/\" \/>\n<meta property=\"og:site_name\" content=\"Maison Ylang\" \/>\n<meta property=\"article:modified_time\" content=\"2024-07-22T08:49:17+00:00\" \/>\n<meta property=\"og:image\" content=\"https:\/\/ylangdivecenter.com\/wp-content\/uploads\/2024\/04\/graphic_03.svg\" \/>\n<meta name=\"twitter:card\" content=\"summary_large_image\" \/>\n<meta name=\"twitter:label1\" content=\"Est. reading time\" \/>\n\t<meta name=\"twitter:data1\" content=\"2 minutes\" \/>\n<script type=\"application\/ld+json\" class=\"yoast-schema-graph\">{\"@context\":\"https:\\\/\\\/schema.org\",\"@graph\":[{\"@type\":\"WebPage\",\"@id\":\"https:\\\/\\\/ylangdivecenter.com\\\/maison-ylang-hotel\\\/notre-lounge\\\/\",\"url\":\"https:\\\/\\\/ylangdivecenter.com\\\/maison-ylang-hotel\\\/notre-lounge\\\/\",\"name\":\"Le Lounge de Maison Ylang | D\u00e9tente et Cocktails \u00e0 Nosy Be\",\"isPartOf\":{\"@id\":\"https:\\\/\\\/ylangdivecenter.com\\\/#website\"},\"primaryImageOfPage\":{\"@id\":\"https:\\\/\\\/ylangdivecenter.com\\\/maison-ylang-hotel\\\/notre-lounge\\\/#primaryimage\"},\"image\":{\"@id\":\"https:\\\/\\\/ylangdivecenter.com\\\/maison-ylang-hotel\\\/notre-lounge\\\/#primaryimage\"},\"thumbnailUrl\":\"https:\\\/\\\/ylangdivecenter.com\\\/wp-content\\\/uploads\\\/2024\\\/04\\\/graphic_03.svg\",\"datePublished\":\"2024-04-25T10:36:48+00:00\",\"dateModified\":\"2024-07-22T08:49:17+00:00\",\"description\":\"D\u00e9tendez-vous au Lounge de Maison Ylang \u00e0 Nosy Be. Profitez de cocktails exquis, d'une ambiance relaxante et de la meilleure musique.\",\"breadcrumb\":{\"@id\":\"https:\\\/\\\/ylangdivecenter.com\\\/maison-ylang-hotel\\\/notre-lounge\\\/#breadcrumb\"},\"inLanguage\":\"en-US\",\"potentialAction\":[{\"@type\":\"ReadAction\",\"target\":[\"https:\\\/\\\/ylangdivecenter.com\\\/maison-ylang-hotel\\\/notre-lounge\\\/\"]}]},{\"@type\":\"ImageObject\",\"inLanguage\":\"en-US\",\"@id\":\"https:\\\/\\\/ylangdivecenter.com\\\/maison-ylang-hotel\\\/notre-lounge\\\/#primaryimage\",\"url\":\"https:\\\/\\\/ylangdivecenter.com\\\/wp-content\\\/uploads\\\/2024\\\/04\\\/graphic_03.svg\",\"contentUrl\":\"https:\\\/\\\/ylangdivecenter.com\\\/wp-content\\\/uploads\\\/2024\\\/04\\\/graphic_03.svg\"},{\"@type\":\"BreadcrumbList\",\"@id\":\"https:\\\/\\\/ylangdivecenter.com\\\/maison-ylang-hotel\\\/notre-lounge\\\/#breadcrumb\",\"itemListElement\":[{\"@type\":\"ListItem\",\"position\":1,\"name\":\"Home\",\"item\":\"https:\\\/\\\/ylangdivecenter.com\\\/\"},{\"@type\":\"ListItem\",\"position\":2,\"name\":\"Maison Ylang H\u00f4tel\",\"item\":\"https:\\\/\\\/ylangdivecenter.com\\\/maison-ylang-hotel\\\/\"},{\"@type\":\"ListItem\",\"position\":3,\"name\":\"Notre lounge\"}]},{\"@type\":\"WebSite\",\"@id\":\"https:\\\/\\\/ylangdivecenter.com\\\/#website\",\"url\":\"https:\\\/\\\/ylangdivecenter.com\\\/\",\"name\":\"Maison Ylang\",\"description\":\"\",\"publisher\":{\"@id\":\"https:\\\/\\\/ylangdivecenter.com\\\/#organization\"},\"potentialAction\":[{\"@type\":\"SearchAction\",\"target\":{\"@type\":\"EntryPoint\",\"urlTemplate\":\"https:\\\/\\\/ylangdivecenter.com\\\/?s={search_term_string}\"},\"query-input\":{\"@type\":\"PropertyValueSpecification\",\"valueRequired\":true,\"valueName\":\"search_term_string\"}}],\"inLanguage\":\"en-US\"},{\"@type\":\"Organization\",\"@id\":\"https:\\\/\\\/ylangdivecenter.com\\\/#organization\",\"name\":\"Maison Ylang\",\"url\":\"https:\\\/\\\/ylangdivecenter.com\\\/\",\"logo\":{\"@type\":\"ImageObject\",\"inLanguage\":\"en-US\",\"@id\":\"https:\\\/\\\/ylangdivecenter.com\\\/#\\\/schema\\\/logo\\\/image\\\/\",\"url\":\"https:\\\/\\\/ylangdivecenter.com\\\/wp-content\\\/uploads\\\/2024\\\/04\\\/logo_circle.webp\",\"contentUrl\":\"https:\\\/\\\/ylangdivecenter.com\\\/wp-content\\\/uploads\\\/2024\\\/04\\\/logo_circle.webp\",\"width\":756,\"height\":756,\"caption\":\"Maison Ylang\"},\"image\":{\"@id\":\"https:\\\/\\\/ylangdivecenter.com\\\/#\\\/schema\\\/logo\\\/image\\\/\"}}]}<\/script>\n<!-- \/ Yoast SEO plugin. -->","yoast_head_json":{"title":"Le Lounge de Maison Ylang | D\u00e9tente et Cocktails \u00e0 Nosy Be","description":"D\u00e9tendez-vous au Lounge de Maison Ylang \u00e0 Nosy Be. Profitez de cocktails exquis, d'une ambiance relaxante et de la meilleure musique.","robots":{"index":"index","follow":"follow","max-snippet":"max-snippet:-1","max-image-preview":"max-image-preview:large","max-video-preview":"max-video-preview:-1"},"canonical":"https:\/\/ylangdivecenter.com\/en\/maison-ylang-hotel\/notre-lounge\/","og_locale":"en_US","og_type":"article","og_title":"Le Lounge de Maison Ylang | D\u00e9tente et Cocktails \u00e0 Nosy Be","og_description":"D\u00e9tendez-vous au Lounge de Maison Ylang \u00e0 Nosy Be. Profitez de cocktails exquis, d'une ambiance relaxante et de la meilleure musique.","og_url":"https:\/\/ylangdivecenter.com\/en\/maison-ylang-hotel\/notre-lounge\/","og_site_name":"Maison Ylang","article_modified_time":"2024-07-22T08:49:17+00:00","og_image":[{"url":"https:\/\/ylangdivecenter.com\/wp-content\/uploads\/2024\/04\/graphic_03.svg","type":"","width":"","height":""}],"twitter_card":"summary_large_image","twitter_misc":{"Est. reading time":"2 minutes"},"schema":{"@context":"https:\/\/schema.org","@graph":[{"@type":"WebPage","@id":"https:\/\/ylangdivecenter.com\/maison-ylang-hotel\/notre-lounge\/","url":"https:\/\/ylangdivecenter.com\/maison-ylang-hotel\/notre-lounge\/","name":"Le Lounge de Maison Ylang | D\u00e9tente et Cocktails \u00e0 Nosy Be","isPartOf":{"@id":"https:\/\/ylangdivecenter.com\/#website"},"primaryImageOfPage":{"@id":"https:\/\/ylangdivecenter.com\/maison-ylang-hotel\/notre-lounge\/#primaryimage"},"image":{"@id":"https:\/\/ylangdivecenter.com\/maison-ylang-hotel\/notre-lounge\/#primaryimage"},"thumbnailUrl":"https:\/\/ylangdivecenter.com\/wp-content\/uploads\/2024\/04\/graphic_03.svg","datePublished":"2024-04-25T10:36:48+00:00","dateModified":"2024-07-22T08:49:17+00:00","description":"D\u00e9tendez-vous au Lounge de Maison Ylang \u00e0 Nosy Be. Profitez de cocktails exquis, d'une ambiance relaxante et de la meilleure musique.","breadcrumb":{"@id":"https:\/\/ylangdivecenter.com\/maison-ylang-hotel\/notre-lounge\/#breadcrumb"},"inLanguage":"en-US","potentialAction":[{"@type":"ReadAction","target":["https:\/\/ylangdivecenter.com\/maison-ylang-hotel\/notre-lounge\/"]}]},{"@type":"ImageObject","inLanguage":"en-US","@id":"https:\/\/ylangdivecenter.com\/maison-ylang-hotel\/notre-lounge\/#primaryimage","url":"https:\/\/ylangdivecenter.com\/wp-content\/uploads\/2024\/04\/graphic_03.svg","contentUrl":"https:\/\/ylangdivecenter.com\/wp-content\/uploads\/2024\/04\/graphic_03.svg"},{"@type":"BreadcrumbList","@id":"https:\/\/ylangdivecenter.com\/maison-ylang-hotel\/notre-lounge\/#breadcrumb","itemListElement":[{"@type":"ListItem","position":1,"name":"Home","item":"https:\/\/ylangdivecenter.com\/"},{"@type":"ListItem","position":2,"name":"Maison Ylang H\u00f4tel","item":"https:\/\/ylangdivecenter.com\/maison-ylang-hotel\/"},{"@type":"ListItem","position":3,"name":"Notre lounge"}]},{"@type":"WebSite","@id":"https:\/\/ylangdivecenter.com\/#website","url":"https:\/\/ylangdivecenter.com\/","name":"Maison Ylang","description":"","publisher":{"@id":"https:\/\/ylangdivecenter.com\/#organization"},"potentialAction":[{"@type":"SearchAction","target":{"@type":"EntryPoint","urlTemplate":"https:\/\/ylangdivecenter.com\/?s={search_term_string}"},"query-input":{"@type":"PropertyValueSpecification","valueRequired":true,"valueName":"search_term_string"}}],"inLanguage":"en-US"},{"@type":"Organization","@id":"https:\/\/ylangdivecenter.com\/#organization","name":"Maison Ylang","url":"https:\/\/ylangdivecenter.com\/","logo":{"@type":"ImageObject","inLanguage":"en-US","@id":"https:\/\/ylangdivecenter.com\/#\/schema\/logo\/image\/","url":"https:\/\/ylangdivecenter.com\/wp-content\/uploads\/2024\/04\/logo_circle.webp","contentUrl":"https:\/\/ylangdivecenter.com\/wp-content\/uploads\/2024\/04\/logo_circle.webp","width":756,"height":756,"caption":"Maison Ylang"},"image":{"@id":"https:\/\/ylangdivecenter.com\/#\/schema\/logo\/image\/"}}]}},"_links":{"self":[{"href":"https:\/\/ylangdivecenter.com\/en\/wp-json\/wp\/v2\/pages\/790","targetHints":{"allow":["GET"]}}],"collection":[{"href":"https:\/\/ylangdivecenter.com\/en\/wp-json\/wp\/v2\/pages"}],"about":[{"href":"https:\/\/ylangdivecenter.com\/en\/wp-json\/wp\/v2\/types\/page"}],"author":[{"embeddable":true,"href":"https:\/\/ylangdivecenter.com\/en\/wp-json\/wp\/v2\/users\/2"}],"replies":[{"embeddable":true,"href":"https:\/\/ylangdivecenter.com\/en\/wp-json\/wp\/v2\/comments?post=790"}],"version-history":[{"count":5,"href":"https:\/\/ylangdivecenter.com\/en\/wp-json\/wp\/v2\/pages\/790\/revisions"}],"predecessor-version":[{"id":2738,"href":"https:\/\/ylangdivecenter.com\/en\/wp-json\/wp\/v2\/pages\/790\/revisions\/2738"}],"up":[{"embeddable":true,"href":"https:\/\/ylangdivecenter.com\/en\/wp-json\/wp\/v2\/pages\/23"}],"wp:attachment":[{"href":"https:\/\/ylangdivecenter.com\/en\/wp-json\/wp\/v2\/media?parent=790"}],"curies":[{"name":"wp","href":"https:\/\/api.w.org\/{rel}","templated":true}]}}